{"id":791,"date":"2015-10-07T08:42:13","date_gmt":"2015-10-07T08:42:13","guid":{"rendered":"http:\/\/www.campusenergiainteligente.es\/?page_id=791"},"modified":"2022-09-30T09:59:04","modified_gmt":"2022-09-30T09:59:04","slug":"delegacion-cei-en-bruselas","status":"publish","type":"page","link":"https:\/\/www.campusenergiainteligente.es\/en\/internacionalizacion\/delegacion-cei-en-bruselas\/","title":{"rendered":"CEI DELEGATION IN BRUSSELS"},"content":{"rendered":"<p>Within the framework of the collaborative agreement signed with the Community of Madrid, King Juan Carlos University and the University of Alcal\u00e1 have a specialist collaborator in the Office of the Community of Madrid in Brussels, in order to make better use of European Union financial tools and programmes for R+D and education, and to promote the relationship between the three institutions.<br \/>\nThe office\u2019s main activities are: Participation in informative workshops and seminars with the aim of obtaining relevant information on tenders, funding programmes (mainly Horizon 2020) and European R+D+innovation policy; working or bilateral meetings of interest; searching for partners and participation in networking events; alerts about tenders, events, and new items; consultations with the Commission about new items in European funding programmes and tenders; and assistance for researchers about queries on European project participation.<\/p>\n<p><a href=\"http:\/\/www.madrid.org\/cs\/Satellite?cid=1172235508977&amp;pagename=MPDE\/Page\/MPDE_pintarContenidoFinal\" target=\"_blank\" rel=\"noopener noreferrer\">http:\/\/www.madrid.org\/cs\/Satellite?cid=1172235508977&amp;pagename=MPDE\/Page\/MPDE_pintarContenidoFinal<\/a><\/p>\n<p>Contact details:<\/p>\n<p><strong>Mr. Benjam\u00edn Mart\u00ednez Sanch\u00eds<\/strong><\/p>\n<p>Community of Madrid Office in Brussels<\/p>\n<p>55, Avenue de la Toison d\u00b4Or. 1060, Brussels.<\/p>\n<p>Tel.\u00a0 Number:\u00a0 +32 2 543 13 28<\/p>\n<p>Email : <a href=\"mailto:benjamin.martinez@madrid.org\">benjamin.martinez@madrid.org<\/a><\/p>\n<p style=\"text-align: justify;\">\n<p><\/p>","protected":false},"excerpt":{"rendered":"<p>Within the framework of the collaborative agreement signed with the Community of Madrid, King Juan Carlos University and the University of Alcal\u00e1 have a specialist collaborator in the Office of the Community of Madrid in Brussels, in order to make better use of European Union financial tools and programmes for R+D and education, and to [&hellip;]<\/p>\n","protected":false},"author":1,"featured_media":0,"parent":217,"menu_order":0,"comment_status":"closed","ping_status":"closed","template":"","meta":{"footnotes":""},"class_list":["post-791","page","type-page","status-publish","hentry"],"yoast_head":"<!-- This site is optimized with the Yoast SEO plugin v27.3 - https:\/\/yoast.com\/product\/yoast-seo-wordpress\/ -->\n<title>CEI DELEGATION IN BRUSSELS - Proyecto CEI \u201cEnerg\u00eda Inteligente\u201d<\/title>\n<meta name=\"robots\" content=\"index, follow, max-snippet:-1, max-image-preview:large, max-video-preview:-1\" \/>\n<link rel=\"canonical\" href=\"https:\/\/www.campusenergiainteligente.es\/internacionalizacion\/delegacion-cei-en-bruselas\/\" \/>\n<meta property=\"og:locale\" content=\"en_US\" \/>\n<meta property=\"og:type\" content=\"article\" \/>\n<meta property=\"og:title\" content=\"[:es]DELEGACI\u00d3N CEI EN BRUSELAS[:en]CEI DELEGATION IN BRUSSELS[:] - Proyecto CEI \u201cEnerg\u00eda Inteligente\u201d\" \/>\n<meta property=\"og:description\" content=\"Within the framework of the collaborative agreement signed with the Community of Madrid, King Juan Carlos University and the University of Alcal\u00e1 have a specialist collaborator in the Office of the Community of Madrid in Brussels, in order to make better use of European Union financial tools and programmes for R+D and education, and to [&hellip;]\" \/>\n<meta property=\"og:url\" content=\"https:\/\/www.campusenergiainteligente.es\/internacionalizacion\/delegacion-cei-en-bruselas\/\" \/>\n<meta property=\"og:site_name\" content=\"Proyecto CEI \u201cEnerg\u00eda Inteligente\u201d\" \/>\n<meta property=\"article:modified_time\" content=\"2022-09-30T09:59:04+00:00\" \/>\n<meta name=\"twitter:card\" content=\"summary_large_image\" \/>\n<meta name=\"twitter:label1\" content=\"Est. reading time\" \/>\n\t<meta name=\"twitter:data1\" content=\"1 minute\" \/>\n<script type=\"application\/ld+json\" class=\"yoast-schema-graph\">{\"@context\":\"https:\\\/\\\/schema.org\",\"@graph\":[{\"@type\":\"WebPage\",\"@id\":\"https:\\\/\\\/www.campusenergiainteligente.es\\\/internacionalizacion\\\/delegacion-cei-en-bruselas\\\/\",\"url\":\"https:\\\/\\\/www.campusenergiainteligente.es\\\/internacionalizacion\\\/delegacion-cei-en-bruselas\\\/\",\"name\":\"[:es]DELEGACI\u00d3N CEI EN BRUSELAS[:en]CEI DELEGATION IN BRUSSELS[:] - Proyecto CEI \u201cEnerg\u00eda Inteligente\u201d\",\"isPartOf\":{\"@id\":\"https:\\\/\\\/www.campusenergiainteligente.es\\\/en\\\/#website\"},\"datePublished\":\"2015-10-07T08:42:13+00:00\",\"dateModified\":\"2022-09-30T09:59:04+00:00\",\"breadcrumb\":{\"@id\":\"https:\\\/\\\/www.campusenergiainteligente.es\\\/internacionalizacion\\\/delegacion-cei-en-bruselas\\\/#breadcrumb\"},\"inLanguage\":\"en-US\",\"potentialAction\":[{\"@type\":\"ReadAction\",\"target\":[\"https:\\\/\\\/www.campusenergiainteligente.es\\\/internacionalizacion\\\/delegacion-cei-en-bruselas\\\/\"]}]},{\"@type\":\"BreadcrumbList\",\"@id\":\"https:\\\/\\\/www.campusenergiainteligente.es\\\/internacionalizacion\\\/delegacion-cei-en-bruselas\\\/#breadcrumb\",\"itemListElement\":[{\"@type\":\"ListItem\",\"position\":1,\"name\":\"Home\",\"item\":\"https:\\\/\\\/www.campusenergiainteligente.es\\\/en\\\/\"},{\"@type\":\"ListItem\",\"position\":2,\"name\":\"Internacionalizaci\u00f3n\",\"item\":\"https:\\\/\\\/www.campusenergiainteligente.es\\\/internacionalizacion\\\/\"},{\"@type\":\"ListItem\",\"position\":3,\"name\":\"DELEGACI\u00d3N CEI EN BRUSELAS\"}]},{\"@type\":\"WebSite\",\"@id\":\"https:\\\/\\\/www.campusenergiainteligente.es\\\/en\\\/#website\",\"url\":\"https:\\\/\\\/www.campusenergiainteligente.es\\\/en\\\/\",\"name\":\"Proyecto CEI \u201cEnerg\u00eda Inteligente\u201d\",\"description\":\"Bioenergy &amp; Smart Cities\",\"potentialAction\":[{\"@type\":\"SearchAction\",\"target\":{\"@type\":\"EntryPoint\",\"urlTemplate\":\"https:\\\/\\\/www.campusenergiainteligente.es\\\/en\\\/?s={search_term_string}\"},\"query-input\":{\"@type\":\"PropertyValueSpecification\",\"valueRequired\":true,\"valueName\":\"search_term_string\"}}],\"inLanguage\":\"en-US\"}]}<\/script>\n<!-- \/ Yoast SEO plugin. -->","yoast_head_json":{"title":"[:es]DELEGACI\u00d3N CEI EN BRUSELAS[:en]CEI DELEGATION IN BRUSSELS[:] - Proyecto CEI \u201cEnerg\u00eda Inteligente\u201d","robots":{"index":"index","follow":"follow","max-snippet":"max-snippet:-1","max-image-preview":"max-image-preview:large","max-video-preview":"max-video-preview:-1"},"canonical":"https:\/\/www.campusenergiainteligente.es\/internacionalizacion\/delegacion-cei-en-bruselas\/","og_locale":"en_US","og_type":"article","og_title":"[:es]DELEGACI\u00d3N CEI EN BRUSELAS[:en]CEI DELEGATION IN BRUSSELS[:] - Proyecto CEI \u201cEnerg\u00eda Inteligente\u201d","og_description":"Within the framework of the collaborative agreement signed with the Community of Madrid, King Juan Carlos University and the University of Alcal\u00e1 have a specialist collaborator in the Office of the Community of Madrid in Brussels, in order to make better use of European Union financial tools and programmes for R+D and education, and to [&hellip;]","og_url":"https:\/\/www.campusenergiainteligente.es\/internacionalizacion\/delegacion-cei-en-bruselas\/","og_site_name":"Proyecto CEI \u201cEnerg\u00eda Inteligente\u201d","article_modified_time":"2022-09-30T09:59:04+00:00","twitter_card":"summary_large_image","twitter_misc":{"Est. reading time":"1 minute"},"schema":{"@context":"https:\/\/schema.org","@graph":[{"@type":"WebPage","@id":"https:\/\/www.campusenergiainteligente.es\/internacionalizacion\/delegacion-cei-en-bruselas\/","url":"https:\/\/www.campusenergiainteligente.es\/internacionalizacion\/delegacion-cei-en-bruselas\/","name":"[:es]DELEGACI\u00d3N CEI EN BRUSELAS[:en]CEI DELEGATION IN BRUSSELS[:] - Proyecto CEI \u201cEnerg\u00eda Inteligente\u201d","isPartOf":{"@id":"https:\/\/www.campusenergiainteligente.es\/en\/#website"},"datePublished":"2015-10-07T08:42:13+00:00","dateModified":"2022-09-30T09:59:04+00:00","breadcrumb":{"@id":"https:\/\/www.campusenergiainteligente.es\/internacionalizacion\/delegacion-cei-en-bruselas\/#breadcrumb"},"inLanguage":"en-US","potentialAction":[{"@type":"ReadAction","target":["https:\/\/www.campusenergiainteligente.es\/internacionalizacion\/delegacion-cei-en-bruselas\/"]}]},{"@type":"BreadcrumbList","@id":"https:\/\/www.campusenergiainteligente.es\/internacionalizacion\/delegacion-cei-en-bruselas\/#breadcrumb","itemListElement":[{"@type":"ListItem","position":1,"name":"Home","item":"https:\/\/www.campusenergiainteligente.es\/en\/"},{"@type":"ListItem","position":2,"name":"Internacionalizaci\u00f3n","item":"https:\/\/www.campusenergiainteligente.es\/internacionalizacion\/"},{"@type":"ListItem","position":3,"name":"DELEGACI\u00d3N CEI EN BRUSELAS"}]},{"@type":"WebSite","@id":"https:\/\/www.campusenergiainteligente.es\/en\/#website","url":"https:\/\/www.campusenergiainteligente.es\/en\/","name":"Proyecto CEI \u201cEnerg\u00eda Inteligente\u201d","description":"Bioenergy &amp; Smart Cities","potentialAction":[{"@type":"SearchAction","target":{"@type":"EntryPoint","urlTemplate":"https:\/\/www.campusenergiainteligente.es\/en\/?s={search_term_string}"},"query-input":{"@type":"PropertyValueSpecification","valueRequired":true,"valueName":"search_term_string"}}],"inLanguage":"en-US"}]}},"_links":{"self":[{"href":"https:\/\/www.campusenergiainteligente.es\/en\/wp-json\/wp\/v2\/pages\/791","targetHints":{"allow":["GET"]}}],"collection":[{"href":"https:\/\/www.campusenergiainteligente.es\/en\/wp-json\/wp\/v2\/pages"}],"about":[{"href":"https:\/\/www.campusenergiainteligente.es\/en\/wp-json\/wp\/v2\/types\/page"}],"author":[{"embeddable":true,"href":"https:\/\/www.campusenergiainteligente.es\/en\/wp-json\/wp\/v2\/users\/1"}],"replies":[{"embeddable":true,"href":"https:\/\/www.campusenergiainteligente.es\/en\/wp-json\/wp\/v2\/comments?post=791"}],"version-history":[{"count":15,"href":"https:\/\/www.campusenergiainteligente.es\/en\/wp-json\/wp\/v2\/pages\/791\/revisions"}],"predecessor-version":[{"id":3735,"href":"https:\/\/www.campusenergiainteligente.es\/en\/wp-json\/wp\/v2\/pages\/791\/revisions\/3735"}],"up":[{"embeddable":true,"href":"https:\/\/www.campusenergiainteligente.es\/en\/wp-json\/wp\/v2\/pages\/217"}],"wp:attachment":[{"href":"https:\/\/www.campusenergiainteligente.es\/en\/wp-json\/wp\/v2\/media?parent=791"}],"curies":[{"name":"wp","href":"https:\/\/api.w.org\/{rel}","templated":true}]}}