{"id":31,"date":"2015-06-17T11:49:15","date_gmt":"2015-06-17T11:49:15","guid":{"rendered":"http:\/\/www.campusenergiainteligente.es\/?page_id=31"},"modified":"2015-10-07T09:15:38","modified_gmt":"2015-10-07T09:15:38","slug":"home","status":"publish","type":"page","link":"https:\/\/www.campusenergiainteligente.es\/en\/home\/","title":{"rendered":"Home"},"content":{"rendered":"<div id=\"pl-31\"  class=\"panel-layout\" ><div id=\"pg-31-0\"  class=\"panel-grid panel-no-style\" ><div id=\"pgc-31-0-0\"  class=\"panel-grid-cell\" ><div id=\"panel-31-0-0-0\" class=\"so-panel widget widget_black-studio-tinymce widget_black_studio_tinymce panel-first-child\" data-index=\"0\" ><div class=\"presentacion panel-widget-style panel-widget-style-for-31-0-0-0\" ><h3 class=\"widget-title\">Presentaci\u00f3n<\/h3><div class=\"textwidget\"><p>El proyecto de Campus de Excelencia Internacional \u201cEnerg\u00eda Inteligente\u201d nace con la aspiraci\u00f3n de dos universidades p\u00fablicas -Universidad Rey Juan Carlos y Universidad de Alcal\u00e1, y el apoyo de otras tres universidades p\u00fablicas asociadas al proyecto Universidad de Murcia, Universidad Polit\u00e9cnica de Cartagena y Universidad de Extremadura- , convirti\u00e9ndose en una referencia en los campos de la bioenerg\u00eda y las infraestructuras inteligentes. Para ello propone contar con la dilatada experiencia que ofrecen dos empresas multinacionales espa\u00f1olas -REPSOL y FERROVIAL-, dos organismos p\u00fablicos de investigaci\u00f3n -el Centro de Investigaciones Energ\u00e9ticas, Medioambientales y Tecnol\u00f3gicas (CIEMAT) y el Instituto Madrile\u00f1o de Estudios Avanzados en Energ\u00eda (IMDEA Energ\u00eda)-, y la entidad p\u00fablica empresarial adscrita al Ministerio de Industria, Turismo y Comercio, el Instituto para la Diversificaci\u00f3n y el Ahorro de la Energ\u00eda (IDAE).<\/p>\n<p>Al combinar la experiencia docente, investigadora y empresarial que los socios ofrecen se multiplicar\u00e1 el efecto transformador. La docencia a trav\u00e9s de las universidades ser\u00e1 m\u00e1s cercana y de mayor calidad, su aplicabilidad real a la sociedad ser\u00e1 mayor, aumentando la empleabilidad y el esp\u00edritu emprendedor de los estudiantes. Se acercar\u00e1 la investigaci\u00f3n al mercado a trav\u00e9s de los veh\u00edculos empresariales. La extensa presencia internacional que ofrecen las empresas participantes permitir\u00e1, adem\u00e1s, que la transferencia de conocimiento tenga un efecto global.<\/p>\n<p>Actualmente cuando la escasez de recursos, debido al empuje en la demanda que producen los pa\u00edses emergentes y a las tensiones geopol\u00edticas en las zonas m\u00e1s sensibles de suministro energ\u00e9tico, genera verdaderas dificultades a las econom\u00edas europeas, la gesti\u00f3n eficiente de recursos energ\u00e9ticos y la seguridad de suministro cobran una importancia may\u00fascula. Europa y sus universidades pueden liderar el proceso de cambio hacia una sociedad sostenible, permitiendo una reducci\u00f3n significativa de la intensidad energ\u00e9tica y una independencia de suministro a trav\u00e9s de fuentes energ\u00e9ticas limpias y eficientes.<\/p>\n<p>&nbsp;<\/p>\n<table border=\"0\" cellspacing=\"0\" cellpadding=\"20\" align=\"center\">\n<tbody>\n<tr>\n<td><a href=\"http:\/\/campusenergiainteligente.iberpixelsistemas.es\/wp-content\/uploads\/2015\/06\/urjc-logo.jpg\"><img loading=\"lazy\" decoding=\"async\" class=\"alignnone size-full wp-image-65\" src=\"http:\/\/campusenergiainteligente.iberpixelsistemas.es\/wp-content\/uploads\/2015\/06\/urjc-logo.jpg\" alt=\"urjc-logo\" width=\"268\" height=\"104\" \/><\/a><\/td>\n<td><a href=\"http:\/\/campusenergiainteligente.iberpixelsistemas.es\/wp-content\/uploads\/2015\/06\/univ-alcala-logo.jpg\"><img loading=\"lazy\" decoding=\"async\" class=\"alignnone size-full wp-image-64\" src=\"http:\/\/campusenergiainteligente.iberpixelsistemas.es\/wp-content\/uploads\/2015\/06\/univ-alcala-logo.jpg\" alt=\"univ-alcala-logo\" width=\"270\" height=\"104\" \/><\/a><\/td>\n<\/tr>\n<\/tbody>\n<\/table>\n<\/div><\/div><\/div>\n\t\t<div id=\"panel-31-0-0-1\" class=\"so-panel widget widget_recent-posts widget_recent_entries\" data-index=\"1\" ><div class=\"actualidad panel-widget-style panel-widget-style-for-31-0-0-1\" >\n\t\t<h3 class=\"widget-title\">Noticias recientes<\/h3>\n\t\t<ul>\n\t\t\t\t\t\t\t\t\t\t\t<li>\n\t\t\t\t\t<a href=\"https:\/\/www.campusenergiainteligente.es\/en\/actualidad\/smart-2026-the-fifteenth-international-conference-on-smart-cities-systems-devices-and-technologies\/\">(Espa\u00f1ol) SMART 2026. The Fifteenth International Conference on Smart Cities, Systems, Devices and Technologies<\/a>\n\t\t\t\t\t\t\t\t\t<\/li>\n\t\t\t\t\t\t\t\t\t\t\t<li>\n\t\t\t\t\t<a href=\"https:\/\/www.campusenergiainteligente.es\/en\/actualidad\/participacion-urjc-en-la-xiv-guia-de-referencia-smart-energy\/\">(Espa\u00f1ol) Participaci\u00f3n URJC en la XIV GU\u00cdA DE REFERENCIA SMART ENERGY<\/a>\n\t\t\t\t\t\t\t\t\t<\/li>\n\t\t\t\t\t\t\t\t\t\t\t<li>\n\t\t\t\t\t<a href=\"https:\/\/www.campusenergiainteligente.es\/en\/actualidad\/ceremonia-de-entrega-de-los-premios-campus-de-excelencia-internacional-energia-inteligente-2025\/\">(Espa\u00f1ol) X Ceremonia de entrega de los Premios Campus de Excelencia Internacional Energ\u00eda Inteligente 2025<\/a>\n\t\t\t\t\t\t\t\t\t<\/li>\n\t\t\t\t\t<\/ul>\n\n\t\t<\/div><\/div><div id=\"panel-31-0-0-2\" class=\"so-panel widget widget_black-studio-tinymce widget_black_studio_tinymce\" data-index=\"2\" ><div class=\"proyecto panel-widget-style panel-widget-style-for-31-0-0-2\" ><h3 class=\"widget-title\">Proyecto<\/h3><div class=\"textwidget\"><p>El proyecto de Campus de Excelencia Internacional <strong>\u201c<\/strong><em><strong>Energ\u00eda Inteligente<\/strong><\/em><strong>- Bioenergy &amp; Smart Cities\u201d<\/strong> es un proyecto integrador y ligado al territorio que surge de la agregaci\u00f3n de dos universidades (Universidad de Alcal\u00e1 y Universidad Rey Juan Carlos), dos empresas (Ferrovial y Repsol), dos centros de investigaci\u00f3n (CIEMAT e IMDEA Energ\u00eda) y una entidad p\u00fablica empresarial, el IDAE.<\/p>\n<table id=\"home_proyecto_links\" border=\"0\" width=\"100\" cellspacing=\"0\" cellpadding=\"0\" align=\"center\">\n<tbody>\n<tr>\n<td align=\"center\" valign=\"top\" nowrap=\"nowrap\"><a href=\"proyecto\/caracteristicas\/\"><img loading=\"lazy\" decoding=\"async\" src=\"http:\/\/campusenergiainteligente.iberpixelsistemas.es\/wp-content\/uploads\/2015\/06\/proyecto_caract.png\" alt=\"Caracter\u00edsticas\" width=\"112\" height=\"112\" \/><br \/>\nCARACTER\u00cdSTICAS<\/a><\/td>\n<td align=\"center\" valign=\"top\" nowrap=\"nowrap\"><a href=\"proyecto\/vision-y-mision\/\"><img loading=\"lazy\" decoding=\"async\" src=\"http:\/\/campusenergiainteligente.iberpixelsistemas.es\/wp-content\/uploads\/2015\/06\/proyecto_myv.png\" alt=\"MISI\u00d3N Y VISI\u00d3N\" width=\"112\" height=\"112\" \/><br \/>\nMISI\u00d3N Y VISI\u00d3N<\/a><\/td>\n<td align=\"center\" valign=\"top\" nowrap=\"nowrap\"><a href=\"proyecto\/objetivos\/\"><img loading=\"lazy\" decoding=\"async\" src=\"http:\/\/campusenergiainteligente.iberpixelsistemas.es\/wp-content\/uploads\/2015\/06\/proyecto_obj.png\" alt=\"OBJETIVOS\" width=\"112\" height=\"112\" \/><br \/>\nOBJETIVOS<\/a><\/td>\n<td align=\"center\" valign=\"top\" nowrap=\"nowrap\"><a href=\"proyecto\/actuaciones\/\"><img loading=\"lazy\" decoding=\"async\" src=\"http:\/\/campusenergiainteligente.iberpixelsistemas.es\/wp-content\/uploads\/2015\/06\/proyecto_act.png\" alt=\"ACTUACIONES\" width=\"112\" height=\"112\" \/><br \/>\nACTUACIONES<\/a><\/td>\n<\/tr>\n<\/tbody>\n<\/table>\n<\/div><\/div><\/div><div id=\"panel-31-0-0-3\" class=\"so-panel widget widget_sow-slider\" data-index=\"3\" ><div\n\t\t\t\n\t\t\tclass=\"so-widget-sow-slider so-widget-sow-slider-default-f0ae9a9d037f-31\"\n\t\t\t\n\t\t>\t\t\t\t<div class=\"sow-slider-base\" style=\"display: none\" tabindex=\"0\">\n\t\t\t\t\t<ul\n\t\t\t\t\tclass=\"sow-slider-images\"\n\t\t\t\t\tdata-settings=\"{&quot;pagination&quot;:true,&quot;speed&quot;:800,&quot;timeout&quot;:8000,&quot;paused&quot;:false,&quot;pause_on_hover&quot;:false,&quot;swipe&quot;:true,&quot;nav_always_show_desktop&quot;:&quot;&quot;,&quot;nav_always_show_mobile&quot;:&quot;&quot;,&quot;breakpoint&quot;:&quot;780px&quot;,&quot;unmute&quot;:false,&quot;anchor&quot;:null}\"\n\t\t\t\t\t\t\t\t\t\tdata-anchor-id=\"\"\n\t\t\t\t>\t\t<li class=\"sow-slider-image\" style=\"visibility: visible;\" >\n\t\t\t\t\t\t<img loading=\"lazy\" decoding=\"async\" width=\"1049\" height=\"278\" src=\"https:\/\/www.campusenergiainteligente.es\/wp-content\/uploads\/2015\/06\/deco_home_rectorado.jpg\" class=\"sow-slider-background-image\" alt=\"\" style=\"\" srcset=\"https:\/\/www.campusenergiainteligente.es\/wp-content\/uploads\/2015\/06\/deco_home_rectorado.jpg 1049w, https:\/\/www.campusenergiainteligente.es\/wp-content\/uploads\/2015\/06\/deco_home_rectorado-300x80.jpg 300w, https:\/\/www.campusenergiainteligente.es\/wp-content\/uploads\/2015\/06\/deco_home_rectorado-1024x271.jpg 1024w\" sizes=\"auto, (max-width: 1049px) 100vw, 1049px\" \/>\t\t<\/li>\n\t\t\t\t<li class=\"sow-slider-image\" style=\"visibility: hidden;\" >\n\t\t\t\t\t\t<img loading=\"lazy\" decoding=\"async\" width=\"1049\" height=\"278\" src=\"https:\/\/www.campusenergiainteligente.es\/wp-content\/uploads\/2015\/06\/deco_home_r2.jpg\" class=\"sow-slider-background-image\" alt=\"\" style=\"\" srcset=\"https:\/\/www.campusenergiainteligente.es\/wp-content\/uploads\/2015\/06\/deco_home_r2.jpg 1049w, https:\/\/www.campusenergiainteligente.es\/wp-content\/uploads\/2015\/06\/deco_home_r2-300x80.jpg 300w, https:\/\/www.campusenergiainteligente.es\/wp-content\/uploads\/2015\/06\/deco_home_r2-1024x271.jpg 1024w\" sizes=\"auto, (max-width: 1049px) 100vw, 1049px\" \/>\t\t<\/li>\n\t\t\t\t<li class=\"sow-slider-image\" style=\"visibility: hidden;\" >\n\t\t\t\t\t\t<img loading=\"lazy\" decoding=\"async\" width=\"1049\" height=\"278\" src=\"https:\/\/www.campusenergiainteligente.es\/wp-content\/uploads\/2015\/06\/deco_home_r3.jpg\" class=\"sow-slider-background-image\" alt=\"\" style=\"\" srcset=\"https:\/\/www.campusenergiainteligente.es\/wp-content\/uploads\/2015\/06\/deco_home_r3.jpg 1049w, https:\/\/www.campusenergiainteligente.es\/wp-content\/uploads\/2015\/06\/deco_home_r3-300x80.jpg 300w, https:\/\/www.campusenergiainteligente.es\/wp-content\/uploads\/2015\/06\/deco_home_r3-1024x271.jpg 1024w\" sizes=\"auto, (max-width: 1049px) 100vw, 1049px\" \/>\t\t<\/li>\n\t\t<\/ul>\t\t\t\t<ol class=\"sow-slider-pagination\">\n\t\t\t\t\t\t\t\t\t\t\t<li><a href=\"#\" data-goto=\"0\" aria-label=\"Display slide 1\"><\/a><\/li>\n\t\t\t\t\t\t\t\t\t\t\t<li><a href=\"#\" data-goto=\"1\" aria-label=\"Display slide 2\"><\/a><\/li>\n\t\t\t\t\t\t\t\t\t\t\t<li><a href=\"#\" data-goto=\"2\" aria-label=\"Display slide 3\"><\/a><\/li>\n\t\t\t\t\t\t\t\t\t<\/ol>\n\n\t\t\t\t<div class=\"sow-slide-nav sow-slide-nav-next\">\n\t\t\t\t\t<a href=\"#\" data-goto=\"next\" aria-label=\"Next slide\" data-action=\"next\">\n\t\t\t\t\t\t<em class=\"sow-sld-icon-ultra-thin-right\"><\/em>\n\t\t\t\t\t<\/a>\n\t\t\t\t<\/div>\n\n\t\t\t\t<div class=\"sow-slide-nav sow-slide-nav-prev\">\n\t\t\t\t\t<a href=\"#\" data-goto=\"previous\" aria-label=\"Previous slide\" data-action=\"prev\">\n\t\t\t\t\t\t<em class=\"sow-sld-icon-ultra-thin-left\"><\/em>\n\t\t\t\t\t<\/a>\n\t\t\t\t<\/div>\n\t\t\t\t<\/div><\/div><\/div><div id=\"panel-31-0-0-4\" class=\"so-panel widget widget_black-studio-tinymce widget_black_studio_tinymce\" data-index=\"4\" ><div class=\"gobernanza panel-widget-style panel-widget-style-for-31-0-0-4\" ><h3 class=\"widget-title\">Gobernanza<\/h3><div class=\"textwidget\"><p>En base a los compromisos de la agregaci\u00f3n se prev\u00e9 una estructura de gobernanza flexible y que se consolidar\u00e1 en el transcurso del primer semestre de implementaci\u00f3n del CEI.<\/p>\n<p><img loading=\"lazy\" decoding=\"async\" class=\"aligncenter size-full wp-image-117\" src=\"http:\/\/campusenergiainteligente.iberpixelsistemas.es\/wp-content\/uploads\/2015\/06\/gobernanza.jpg\" alt=\"Gobernanza\" width=\"558\" height=\"318\" srcset=\"https:\/\/www.campusenergiainteligente.es\/wp-content\/uploads\/2015\/06\/gobernanza.jpg 558w, https:\/\/www.campusenergiainteligente.es\/wp-content\/uploads\/2015\/06\/gobernanza-300x171.jpg 300w\" sizes=\"auto, (max-width: 558px) 100vw, 558px\" \/><\/p>\n<p><a class=\"gobernanza_home_link\" href=\"gobernanza\">LEER TEXTO COMPLETO<\/a><br \/>\n&nbsp;<br \/>\n<a href=\"gobernanza\/consejo-asesor-internacional\"><img loading=\"lazy\" decoding=\"async\" class=\"alignleft size-full wp-image-118\" src=\"http:\/\/campusenergiainteligente.iberpixelsistemas.es\/wp-content\/uploads\/2015\/06\/gobernanza_consejo.jpg\" alt=\"Consejo Asesor Internacional\" width=\"535\" height=\"52\" srcset=\"https:\/\/www.campusenergiainteligente.es\/wp-content\/uploads\/2015\/06\/gobernanza_consejo.jpg 535w, https:\/\/www.campusenergiainteligente.es\/wp-content\/uploads\/2015\/06\/gobernanza_consejo-300x29.jpg 300w\" sizes=\"auto, (max-width: 535px) 100vw, 535px\" \/><\/a><a href=\"gobernanza\/socios\/\"><img loading=\"lazy\" decoding=\"async\" class=\"alignright size-full wp-image-119\" src=\"http:\/\/campusenergiainteligente.iberpixelsistemas.es\/wp-content\/uploads\/2015\/06\/gobernanza_socios.jpg\" alt=\"Socios Promotores\" width=\"535\" height=\"52\" srcset=\"https:\/\/www.campusenergiainteligente.es\/wp-content\/uploads\/2015\/06\/gobernanza_socios.jpg 535w, https:\/\/www.campusenergiainteligente.es\/wp-content\/uploads\/2015\/06\/gobernanza_socios-300x29.jpg 300w\" sizes=\"auto, (max-width: 535px) 100vw, 535px\" \/><\/a><\/p>\n<\/div><\/div><\/div><div id=\"panel-31-0-0-5\" class=\"so-panel widget widget_black-studio-tinymce widget_black_studio_tinymce\" data-index=\"5\" ><div class=\"convocatorias panel-widget-style panel-widget-style-for-31-0-0-5\" ><h3 class=\"widget-title\">Convocatorias<\/h3><div class=\"textwidget\"><table border=\"0\" cellspacing=\"0\" cellpadding=\"20\" align=\"center\">\n<tbody>\n<tr>\n<td><a href=\"convocatorias\/ci3\/\u200e\"><img loading=\"lazy\" decoding=\"async\" class=\"alignleft size-full wp-image-131\" src=\"http:\/\/campusenergiainteligente.iberpixelsistemas.es\/wp-content\/uploads\/2015\/06\/ci3.gif\" alt=\"ci3\" width=\"191\" height=\"69\" \/><\/a><\/td>\n<td><a href=\"http:\/\/convocatorias\/inspire\/ \"><img loading=\"lazy\" decoding=\"async\" class=\"alignright size-full wp-image-132\" src=\"http:\/\/campusenergiainteligente.iberpixelsistemas.es\/wp-content\/uploads\/2015\/06\/inspire1.png\" alt=\"inspire\" width=\"152\" height=\"83\" srcset=\"https:\/\/www.campusenergiainteligente.es\/wp-content\/uploads\/2015\/06\/inspire1.png 152w, https:\/\/www.campusenergiainteligente.es\/wp-content\/uploads\/2015\/06\/inspire1-150x83.png 150w\" sizes=\"auto, (max-width: 152px) 100vw, 152px\" \/><\/a><\/td>\n<\/tr>\n<\/tbody>\n<\/table>\n<\/div><\/div><\/div><div id=\"panel-31-0-0-6\" class=\"so-panel widget widget_black-studio-tinymce widget_black_studio_tinymce\" data-index=\"6\" ><div class=\"comision panel-widget-style panel-widget-style-for-31-0-0-6\" ><h3 class=\"widget-title\">Comisi\u00f3n Internacional de Seguimiento<\/h3><div class=\"textwidget\"><p>Zona restringida<\/p>\n<form id=\"comision_form\" action=\"comision-internacional-de-seguimiento\" method=\"post\" name=\"comision\">\n<label>Password<\/label><input name=\"pasw\" type=\"password\" \/><input name=\"btn\" type=\"submit\" value=\"Enviar\" \/><br \/>\n<\/form>\n<\/div><\/div><\/div><div id=\"panel-31-0-0-7\" class=\"so-panel widget widget_black-studio-tinymce widget_black_studio_tinymce panel-last-child\" data-index=\"7\" ><div class=\"formacion panel-widget-style panel-widget-style-for-31-0-0-7\" ><h3 class=\"widget-title\">Formaci\u00f3n<\/h3><div class=\"textwidget\"><p>Dentro del Campus de Excelencia Internacional \u201cEnerg\u00eda Inteligente\u201d, la formaci\u00f3n es uno de los pilares b\u00e1sicos, dentro del eje de Mejora Docente. Una de las iniciativas m\u00e1s destacadas, la Escuela Internacional de Investigaci\u00f3n en Energ\u00eda, Medioambiente e Infraestructuras Inteligentes, ofrece estudios de posgrado de excelencia enfocados a las necesidades de la industria.<\/p>\n<p><a href=\"http:\/\/www.urjc.es\/estudios\/titulos_propios\/regulacion_ambiental_europea\/\" target=\"_blank\">Especialista en Regulaci\u00f3n Ambiental Europea<\/a><\/p>\n<p><a href=\"formacion\/experto-universitario\">Experto Universitario en Derecho y Pol\u00edtica Internacional desde la Perspectiva de Espa\u00f1a y EEUU<\/a><\/p>\n<p>\u00a0<\/p>\n<\/div><\/div><\/div><\/div><\/div><\/div>","protected":false},"excerpt":{"rendered":"<p>El proyecto de Campus de Excelencia Internacional \u201cEnerg\u00eda Inteligente\u201d nace con la aspiraci\u00f3n de dos universidades p\u00fablicas -Universidad Rey Juan Carlos y Universidad de Alcal\u00e1, y el apoyo de otras tres universidades p\u00fablicas asociadas al proyecto Universidad de Murcia, Universidad Polit\u00e9cnica de Cartagena y Universidad de Extremadura- , convirti\u00e9ndose en una referencia en los campos [&hellip;]<\/p>\n","protected":false},"author":1,"featured_media":0,"parent":0,"menu_order":0,"comment_status":"open","ping_status":"closed","template":"","meta":{"footnotes":""},"class_list":["post-31","page","type-page","status-publish","hentry"],"yoast_head":"<!-- This site is optimized with the Yoast SEO plugin v27.3 - https:\/\/yoast.com\/product\/yoast-seo-wordpress\/ -->\n<title>Home - Proyecto CEI \u201cEnerg\u00eda Inteligente\u201d<\/title>\n<meta name=\"robots\" content=\"index, follow, max-snippet:-1, max-image-preview:large, max-video-preview:-1\" \/>\n<link rel=\"canonical\" href=\"https:\/\/www.campusenergiainteligente.es\/en\/home\/\" \/>\n<meta property=\"og:locale\" content=\"en_US\" \/>\n<meta property=\"og:type\" content=\"article\" \/>\n<meta property=\"og:title\" content=\"Home - Proyecto CEI \u201cEnerg\u00eda Inteligente\u201d\" \/>\n<meta property=\"og:description\" content=\"El proyecto de Campus de Excelencia Internacional \u201cEnerg\u00eda Inteligente\u201d nace con la aspiraci\u00f3n de dos universidades p\u00fablicas -Universidad Rey Juan Carlos y Universidad de Alcal\u00e1, y el apoyo de otras tres universidades p\u00fablicas asociadas al proyecto Universidad de Murcia, Universidad Polit\u00e9cnica de Cartagena y Universidad de Extremadura- , convirti\u00e9ndose en una referencia en los campos [&hellip;]\" \/>\n<meta property=\"og:url\" content=\"https:\/\/www.campusenergiainteligente.es\/en\/home\/\" \/>\n<meta property=\"og:site_name\" content=\"Proyecto CEI \u201cEnerg\u00eda Inteligente\u201d\" \/>\n<meta property=\"article:modified_time\" content=\"2015-10-07T09:15:38+00:00\" \/>\n<meta property=\"og:image\" content=\"https:\/\/www.campusenergiainteligente.es\/wp-content\/uploads\/2015\/06\/urjc-logo.jpg\" \/>\n<meta name=\"twitter:card\" content=\"summary_large_image\" \/>\n<meta name=\"twitter:label1\" content=\"Est. reading time\" \/>\n\t<meta name=\"twitter:data1\" content=\"4 minutes\" \/>\n<script type=\"application\/ld+json\" class=\"yoast-schema-graph\">{\"@context\":\"https:\\\/\\\/schema.org\",\"@graph\":[{\"@type\":\"WebPage\",\"@id\":\"https:\\\/\\\/www.campusenergiainteligente.es\\\/en\\\/home\\\/\",\"url\":\"https:\\\/\\\/www.campusenergiainteligente.es\\\/en\\\/home\\\/\",\"name\":\"Home - Proyecto CEI \u201cEnerg\u00eda Inteligente\u201d\",\"isPartOf\":{\"@id\":\"https:\\\/\\\/www.campusenergiainteligente.es\\\/en\\\/#website\"},\"primaryImageOfPage\":{\"@id\":\"https:\\\/\\\/www.campusenergiainteligente.es\\\/en\\\/home\\\/#primaryimage\"},\"image\":{\"@id\":\"https:\\\/\\\/www.campusenergiainteligente.es\\\/en\\\/home\\\/#primaryimage\"},\"thumbnailUrl\":\"https:\\\/\\\/www.campusenergiainteligente.es\\\/wp-content\\\/uploads\\\/2015\\\/06\\\/urjc-logo.jpg\",\"datePublished\":\"2015-06-17T11:49:15+00:00\",\"dateModified\":\"2015-10-07T09:15:38+00:00\",\"breadcrumb\":{\"@id\":\"https:\\\/\\\/www.campusenergiainteligente.es\\\/en\\\/home\\\/#breadcrumb\"},\"inLanguage\":\"en-US\",\"potentialAction\":[{\"@type\":\"ReadAction\",\"target\":[\"https:\\\/\\\/www.campusenergiainteligente.es\\\/en\\\/home\\\/\"]}]},{\"@type\":\"ImageObject\",\"inLanguage\":\"en-US\",\"@id\":\"https:\\\/\\\/www.campusenergiainteligente.es\\\/en\\\/home\\\/#primaryimage\",\"url\":\"https:\\\/\\\/www.campusenergiainteligente.es\\\/wp-content\\\/uploads\\\/2015\\\/06\\\/urjc-logo.jpg\",\"contentUrl\":\"https:\\\/\\\/www.campusenergiainteligente.es\\\/wp-content\\\/uploads\\\/2015\\\/06\\\/urjc-logo.jpg\"},{\"@type\":\"BreadcrumbList\",\"@id\":\"https:\\\/\\\/www.campusenergiainteligente.es\\\/en\\\/home\\\/#breadcrumb\",\"itemListElement\":[{\"@type\":\"ListItem\",\"position\":1,\"name\":\"Home\",\"item\":\"https:\\\/\\\/www.campusenergiainteligente.es\\\/en\\\/\"},{\"@type\":\"ListItem\",\"position\":2,\"name\":\"Home\"}]},{\"@type\":\"WebSite\",\"@id\":\"https:\\\/\\\/www.campusenergiainteligente.es\\\/en\\\/#website\",\"url\":\"https:\\\/\\\/www.campusenergiainteligente.es\\\/en\\\/\",\"name\":\"Proyecto CEI \u201cEnerg\u00eda Inteligente\u201d\",\"description\":\"Bioenergy &amp; Smart Cities\",\"potentialAction\":[{\"@type\":\"SearchAction\",\"target\":{\"@type\":\"EntryPoint\",\"urlTemplate\":\"https:\\\/\\\/www.campusenergiainteligente.es\\\/en\\\/?s={search_term_string}\"},\"query-input\":{\"@type\":\"PropertyValueSpecification\",\"valueRequired\":true,\"valueName\":\"search_term_string\"}}],\"inLanguage\":\"en-US\"}]}<\/script>\n<!-- \/ Yoast SEO plugin. -->","yoast_head_json":{"title":"Home - Proyecto CEI \u201cEnerg\u00eda Inteligente\u201d","robots":{"index":"index","follow":"follow","max-snippet":"max-snippet:-1","max-image-preview":"max-image-preview:large","max-video-preview":"max-video-preview:-1"},"canonical":"https:\/\/www.campusenergiainteligente.es\/en\/home\/","og_locale":"en_US","og_type":"article","og_title":"Home - Proyecto CEI \u201cEnerg\u00eda Inteligente\u201d","og_description":"El proyecto de Campus de Excelencia Internacional \u201cEnerg\u00eda Inteligente\u201d nace con la aspiraci\u00f3n de dos universidades p\u00fablicas -Universidad Rey Juan Carlos y Universidad de Alcal\u00e1, y el apoyo de otras tres universidades p\u00fablicas asociadas al proyecto Universidad de Murcia, Universidad Polit\u00e9cnica de Cartagena y Universidad de Extremadura- , convirti\u00e9ndose en una referencia en los campos [&hellip;]","og_url":"https:\/\/www.campusenergiainteligente.es\/en\/home\/","og_site_name":"Proyecto CEI \u201cEnerg\u00eda Inteligente\u201d","article_modified_time":"2015-10-07T09:15:38+00:00","og_image":[{"url":"https:\/\/www.campusenergiainteligente.es\/wp-content\/uploads\/2015\/06\/urjc-logo.jpg","type":"","width":"","height":""}],"twitter_card":"summary_large_image","twitter_misc":{"Est. reading time":"4 minutes"},"schema":{"@context":"https:\/\/schema.org","@graph":[{"@type":"WebPage","@id":"https:\/\/www.campusenergiainteligente.es\/en\/home\/","url":"https:\/\/www.campusenergiainteligente.es\/en\/home\/","name":"Home - Proyecto CEI \u201cEnerg\u00eda Inteligente\u201d","isPartOf":{"@id":"https:\/\/www.campusenergiainteligente.es\/en\/#website"},"primaryImageOfPage":{"@id":"https:\/\/www.campusenergiainteligente.es\/en\/home\/#primaryimage"},"image":{"@id":"https:\/\/www.campusenergiainteligente.es\/en\/home\/#primaryimage"},"thumbnailUrl":"https:\/\/www.campusenergiainteligente.es\/wp-content\/uploads\/2015\/06\/urjc-logo.jpg","datePublished":"2015-06-17T11:49:15+00:00","dateModified":"2015-10-07T09:15:38+00:00","breadcrumb":{"@id":"https:\/\/www.campusenergiainteligente.es\/en\/home\/#breadcrumb"},"inLanguage":"en-US","potentialAction":[{"@type":"ReadAction","target":["https:\/\/www.campusenergiainteligente.es\/en\/home\/"]}]},{"@type":"ImageObject","inLanguage":"en-US","@id":"https:\/\/www.campusenergiainteligente.es\/en\/home\/#primaryimage","url":"https:\/\/www.campusenergiainteligente.es\/wp-content\/uploads\/2015\/06\/urjc-logo.jpg","contentUrl":"https:\/\/www.campusenergiainteligente.es\/wp-content\/uploads\/2015\/06\/urjc-logo.jpg"},{"@type":"BreadcrumbList","@id":"https:\/\/www.campusenergiainteligente.es\/en\/home\/#breadcrumb","itemListElement":[{"@type":"ListItem","position":1,"name":"Home","item":"https:\/\/www.campusenergiainteligente.es\/en\/"},{"@type":"ListItem","position":2,"name":"Home"}]},{"@type":"WebSite","@id":"https:\/\/www.campusenergiainteligente.es\/en\/#website","url":"https:\/\/www.campusenergiainteligente.es\/en\/","name":"Proyecto CEI \u201cEnerg\u00eda Inteligente\u201d","description":"Bioenergy &amp; Smart Cities","potentialAction":[{"@type":"SearchAction","target":{"@type":"EntryPoint","urlTemplate":"https:\/\/www.campusenergiainteligente.es\/en\/?s={search_term_string}"},"query-input":{"@type":"PropertyValueSpecification","valueRequired":true,"valueName":"search_term_string"}}],"inLanguage":"en-US"}]}},"_links":{"self":[{"href":"https:\/\/www.campusenergiainteligente.es\/en\/wp-json\/wp\/v2\/pages\/31","targetHints":{"allow":["GET"]}}],"collection":[{"href":"https:\/\/www.campusenergiainteligente.es\/en\/wp-json\/wp\/v2\/pages"}],"about":[{"href":"https:\/\/www.campusenergiainteligente.es\/en\/wp-json\/wp\/v2\/types\/page"}],"author":[{"embeddable":true,"href":"https:\/\/www.campusenergiainteligente.es\/en\/wp-json\/wp\/v2\/users\/1"}],"replies":[{"embeddable":true,"href":"https:\/\/www.campusenergiainteligente.es\/en\/wp-json\/wp\/v2\/comments?post=31"}],"version-history":[{"count":41,"href":"https:\/\/www.campusenergiainteligente.es\/en\/wp-json\/wp\/v2\/pages\/31\/revisions"}],"predecessor-version":[{"id":798,"href":"https:\/\/www.campusenergiainteligente.es\/en\/wp-json\/wp\/v2\/pages\/31\/revisions\/798"}],"wp:attachment":[{"href":"https:\/\/www.campusenergiainteligente.es\/en\/wp-json\/wp\/v2\/media?parent=31"}],"curies":[{"name":"wp","href":"https:\/\/api.w.org\/{rel}","templated":true}]}}