{"id":2166,"date":"2017-05-16T09:07:55","date_gmt":"2017-05-16T09:07:55","guid":{"rendered":"http:\/\/www.campusenergiainteligente.es\/?page_id=2166"},"modified":"2017-12-21T10:55:32","modified_gmt":"2017-12-21T10:55:32","slug":"investigadores-visitantes","status":"publish","type":"page","link":"https:\/\/www.campusenergiainteligente.es\/en\/investigacion-y-transferencia\/investigadores-visitantes\/","title":{"rendered":"Visiting Researchers"},"content":{"rendered":"<p><a href=\"https:\/\/www.campusenergiainteligente.es\/wp-content\/uploads\/CURRICULUM_IOANNA_VASILIADOU.pdf\">Dra. Ioanna Vasiliadou<\/a><\/p>\n<p>Dr. Ioanna Vasiliadou received her Degree (2004) and PhD (2008) both from the Dep. of Environmental and Natural Resources Management, University of Ioannina, Greece. In her PhD thesis she studied the Biological removal of nitrates from drinking water.<\/p>\n<p>&nbsp;<\/p>\n<p><a href=\"https:\/\/www.campusenergiainteligente.es\/wp-content\/uploads\/CurriculumJeisonMarin.pdf\">PhD (c) Jeison Mar\u00edn Alfonso<\/a><\/p>\n<p>Ingeniero Electr\u00f3nico, Magister en Ingenier\u00eda \u00e1rea Electr\u00f3nica, Doctor (c) en Telecomunicaciones. Docente Investigador desde el 2008, en el \u00e1rea de las Telecomunicaciones.<\/p>\n<p><span style=\"color: #ff0000;\"><a style=\"color: #ff0000;\" href=\"https:\/\/tv.urjc.es\/video\/59281340d68b1436108b457d?track_id=592d1f77d68b141a288b4567\">Actividad de presentaci\u00f3n de su investigaci\u00f3n en el CE<\/a>I<\/span><\/p>\n<p>&nbsp;<\/p>\n<p><a href=\"https:\/\/www.campusenergiainteligente.es\/wp-content\/uploads\/INVESTIGADOR-D.-WILLIAM-FABIA\u0301N-CHAPARRO.pdf\">Investigador D. William Fabi\u00e1n Chaparro Becerra<\/a><\/p>\n<p>Ingeniero Electr\u00f3nico, Especialista en Redes de Telecomunicaciones, Magister en Telem\u00e1tica, Estudiante de Doctorado en Ingenier\u00eda, Profesor e investigador desde el 2008.<\/p>\n<p><span style=\"color: #ff0000;\"><a style=\"color: #ff0000;\" href=\"https:\/\/tv.urjc.es\/video\/5a20110ed68b14e67e8b456d?track_id=5a2f973fd68b14702b8b4567\">Actividad de presentaci\u00f3n de su investigaci\u00f3n en el CEI<\/a><\/span><\/p>\n<p>&nbsp;<\/p>\n<p><a href=\"https:\/\/www.campusenergiainteligente.es\/wp-content\/uploads\/CV_Lorena-ESPA\u00d1OL.pdf\">Investigadora D. Claudia Lorena Esquivel<\/a><\/p>\n<p>Abogada, Doctoranda en Ingenier\u00eda El\u00e9ctrica de la Escuela Polit\u00e9cnica de la Universidad de S\u00e3o Paulo, Mag\u00edster en regulaci\u00f3n de energ\u00eda el\u00e9ctrica de la Escuela Polit\u00e9cnica de la Universidad de S\u00e3o Paulo, Especialista en Derecho Comercial de la Universidad Externado de Colombia. Fue becaria del Consejo Nacional de Desarrollo Cient\u00edfico y Tecnol\u00f3gico (CNPq). Es miembro del grupo GLOCAL-RES de la Universidad Rey Juan Carlos. Es miembro del grupo de energ\u00eda de la Universidad de S\u00e3o Paulo (GEPEA). Tiene experiencia como asesora jur\u00eddica de la Compa\u00f1\u00eda Energ\u00e9tica del Tolima Enertolima S.A. ESP, se desempe\u00f1\u00f3 como consultora empresarial en temas de regulaci\u00f3n de energ\u00eda el\u00e9ctrica en la firma de abogados Moreno Servicios Legales y como asesora jur\u00eddica en el Instituto de Planificaci\u00f3n de Soluciones Energ\u00e9ticas (IPSE) vinculado al Ministerio de Minas y Energ\u00eda de Colombia. Ha sido profesora catedr\u00e1tica de la especializaci\u00f3n de energ\u00eda y gas del Departamento de Derecho Minero Energ\u00e9tico de la Universidad Externado de Colombia.<\/p>\n<p><a href=\"https:\/\/tv.urjc.es\/video\/5a20116bd68b140a7f8b456a?track_id=5a2f9847d68b14792b8b4567\"><span style=\"color: #ff0000;\">Actividad de presentaci\u00f3n de su investigaci\u00f3n en el CEI<\/span><\/a><\/p>\n<p>&nbsp;<\/p>\n<p><a href=\"https:\/\/www.campusenergiainteligente.es\/wp-content\/uploads\/CV-Jeferson-Cotrim.pdf\">Investigador D. Jeferson Rodrigues Cotrim<\/a><\/p>\n<p>Jeferson Cotrim is an Electrical Engineer graduated in 2008 from FEI (Faculty of Industrial Engineering &#8211; Brazil). He is a Specialist in Computer Networks and Telecommunications at INATEL &#8211; 2012 (National Institute of Telecommunications &#8211; Brazil). He holds the title of Master (2017) and currently holds a PhD in Information Engineering by the Federal University of ABC &#8211; Brazil.<\/p>\n<p><a href=\"https:\/\/tv.urjc.es\/video\/5a2011f7d68b14eb058b4568?track_id=5a2f97ddd68b148b2b8b4567\"><span style=\"color: #ff0000;\">Actividad de presentaci\u00f3n de su investigaci\u00f3n en el CEI<\/span><\/a><\/p>","protected":false},"excerpt":{"rendered":"<p>Dra. Ioanna Vasiliadou Dr. Ioanna Vasiliadou received her Degree (2004) and PhD (2008) both from the Dep. of Environmental and Natural Resources Management, University of Ioannina, Greece. In her PhD thesis she studied the Biological removal of nitrates from drinking water. &nbsp; PhD (c) Jeison Mar\u00edn Alfonso Ingeniero Electr\u00f3nico, Magister en Ingenier\u00eda \u00e1rea Electr\u00f3nica, Doctor [&hellip;]<\/p>\n","protected":false},"author":1,"featured_media":0,"parent":200,"menu_order":3,"comment_status":"closed","ping_status":"closed","template":"","meta":{"footnotes":""},"class_list":["post-2166","page","type-page","status-publish","hentry"],"yoast_head":"<!-- This site is optimized with the Yoast SEO plugin v27.3 - https:\/\/yoast.com\/product\/yoast-seo-wordpress\/ -->\n<title>Visiting Researchers - Proyecto CEI \u201cEnerg\u00eda Inteligente\u201d<\/title>\n<meta name=\"robots\" content=\"index, follow, max-snippet:-1, max-image-preview:large, max-video-preview:-1\" \/>\n<link rel=\"canonical\" href=\"https:\/\/www.campusenergiainteligente.es\/investigacion-y-transferencia\/investigadores-visitantes\/\" \/>\n<meta property=\"og:locale\" content=\"en_US\" \/>\n<meta property=\"og:type\" content=\"article\" \/>\n<meta property=\"og:title\" content=\"[:es]Investigadores Visitantes[:en]Visiting Researchers[:] - Proyecto CEI \u201cEnerg\u00eda Inteligente\u201d\" \/>\n<meta property=\"og:description\" content=\"Dra. Ioanna Vasiliadou Dr. Ioanna Vasiliadou received her Degree (2004) and PhD (2008) both from the Dep. of Environmental and Natural Resources Management, University of Ioannina, Greece. In her PhD thesis she studied the Biological removal of nitrates from drinking water. &nbsp; PhD (c) Jeison Mar\u00edn Alfonso Ingeniero Electr\u00f3nico, Magister en Ingenier\u00eda \u00e1rea Electr\u00f3nica, Doctor [&hellip;]\" \/>\n<meta property=\"og:url\" content=\"https:\/\/www.campusenergiainteligente.es\/investigacion-y-transferencia\/investigadores-visitantes\/\" \/>\n<meta property=\"og:site_name\" content=\"Proyecto CEI \u201cEnerg\u00eda Inteligente\u201d\" \/>\n<meta property=\"article:modified_time\" content=\"2017-12-21T10:55:32+00:00\" \/>\n<meta name=\"twitter:card\" content=\"summary_large_image\" \/>\n<meta name=\"twitter:label1\" content=\"Est. reading time\" \/>\n\t<meta name=\"twitter:data1\" content=\"4 minutes\" \/>\n<script type=\"application\/ld+json\" class=\"yoast-schema-graph\">{\"@context\":\"https:\\\/\\\/schema.org\",\"@graph\":[{\"@type\":\"WebPage\",\"@id\":\"https:\\\/\\\/www.campusenergiainteligente.es\\\/investigacion-y-transferencia\\\/investigadores-visitantes\\\/\",\"url\":\"https:\\\/\\\/www.campusenergiainteligente.es\\\/investigacion-y-transferencia\\\/investigadores-visitantes\\\/\",\"name\":\"[:es]Investigadores Visitantes[:en]Visiting Researchers[:] - Proyecto CEI \u201cEnerg\u00eda Inteligente\u201d\",\"isPartOf\":{\"@id\":\"https:\\\/\\\/www.campusenergiainteligente.es\\\/en\\\/#website\"},\"datePublished\":\"2017-05-16T09:07:55+00:00\",\"dateModified\":\"2017-12-21T10:55:32+00:00\",\"breadcrumb\":{\"@id\":\"https:\\\/\\\/www.campusenergiainteligente.es\\\/investigacion-y-transferencia\\\/investigadores-visitantes\\\/#breadcrumb\"},\"inLanguage\":\"en-US\",\"potentialAction\":[{\"@type\":\"ReadAction\",\"target\":[\"https:\\\/\\\/www.campusenergiainteligente.es\\\/investigacion-y-transferencia\\\/investigadores-visitantes\\\/\"]}]},{\"@type\":\"BreadcrumbList\",\"@id\":\"https:\\\/\\\/www.campusenergiainteligente.es\\\/investigacion-y-transferencia\\\/investigadores-visitantes\\\/#breadcrumb\",\"itemListElement\":[{\"@type\":\"ListItem\",\"position\":1,\"name\":\"Home\",\"item\":\"https:\\\/\\\/www.campusenergiainteligente.es\\\/en\\\/\"},{\"@type\":\"ListItem\",\"position\":2,\"name\":\"Investigaci\u00f3n y Transferencia\",\"item\":\"https:\\\/\\\/www.campusenergiainteligente.es\\\/investigacion-y-transferencia\\\/\"},{\"@type\":\"ListItem\",\"position\":3,\"name\":\"Investigadores Visitantes\"}]},{\"@type\":\"WebSite\",\"@id\":\"https:\\\/\\\/www.campusenergiainteligente.es\\\/en\\\/#website\",\"url\":\"https:\\\/\\\/www.campusenergiainteligente.es\\\/en\\\/\",\"name\":\"Proyecto CEI \u201cEnerg\u00eda Inteligente\u201d\",\"description\":\"Bioenergy &amp; Smart Cities\",\"potentialAction\":[{\"@type\":\"SearchAction\",\"target\":{\"@type\":\"EntryPoint\",\"urlTemplate\":\"https:\\\/\\\/www.campusenergiainteligente.es\\\/en\\\/?s={search_term_string}\"},\"query-input\":{\"@type\":\"PropertyValueSpecification\",\"valueRequired\":true,\"valueName\":\"search_term_string\"}}],\"inLanguage\":\"en-US\"}]}<\/script>\n<!-- \/ Yoast SEO plugin. -->","yoast_head_json":{"title":"[:es]Investigadores Visitantes[:en]Visiting Researchers[:] - Proyecto CEI \u201cEnerg\u00eda Inteligente\u201d","robots":{"index":"index","follow":"follow","max-snippet":"max-snippet:-1","max-image-preview":"max-image-preview:large","max-video-preview":"max-video-preview:-1"},"canonical":"https:\/\/www.campusenergiainteligente.es\/investigacion-y-transferencia\/investigadores-visitantes\/","og_locale":"en_US","og_type":"article","og_title":"[:es]Investigadores Visitantes[:en]Visiting Researchers[:] - Proyecto CEI \u201cEnerg\u00eda Inteligente\u201d","og_description":"Dra. Ioanna Vasiliadou Dr. Ioanna Vasiliadou received her Degree (2004) and PhD (2008) both from the Dep. of Environmental and Natural Resources Management, University of Ioannina, Greece. In her PhD thesis she studied the Biological removal of nitrates from drinking water. &nbsp; PhD (c) Jeison Mar\u00edn Alfonso Ingeniero Electr\u00f3nico, Magister en Ingenier\u00eda \u00e1rea Electr\u00f3nica, Doctor [&hellip;]","og_url":"https:\/\/www.campusenergiainteligente.es\/investigacion-y-transferencia\/investigadores-visitantes\/","og_site_name":"Proyecto CEI \u201cEnerg\u00eda Inteligente\u201d","article_modified_time":"2017-12-21T10:55:32+00:00","twitter_card":"summary_large_image","twitter_misc":{"Est. reading time":"4 minutes"},"schema":{"@context":"https:\/\/schema.org","@graph":[{"@type":"WebPage","@id":"https:\/\/www.campusenergiainteligente.es\/investigacion-y-transferencia\/investigadores-visitantes\/","url":"https:\/\/www.campusenergiainteligente.es\/investigacion-y-transferencia\/investigadores-visitantes\/","name":"[:es]Investigadores Visitantes[:en]Visiting Researchers[:] - Proyecto CEI \u201cEnerg\u00eda Inteligente\u201d","isPartOf":{"@id":"https:\/\/www.campusenergiainteligente.es\/en\/#website"},"datePublished":"2017-05-16T09:07:55+00:00","dateModified":"2017-12-21T10:55:32+00:00","breadcrumb":{"@id":"https:\/\/www.campusenergiainteligente.es\/investigacion-y-transferencia\/investigadores-visitantes\/#breadcrumb"},"inLanguage":"en-US","potentialAction":[{"@type":"ReadAction","target":["https:\/\/www.campusenergiainteligente.es\/investigacion-y-transferencia\/investigadores-visitantes\/"]}]},{"@type":"BreadcrumbList","@id":"https:\/\/www.campusenergiainteligente.es\/investigacion-y-transferencia\/investigadores-visitantes\/#breadcrumb","itemListElement":[{"@type":"ListItem","position":1,"name":"Home","item":"https:\/\/www.campusenergiainteligente.es\/en\/"},{"@type":"ListItem","position":2,"name":"Investigaci\u00f3n y Transferencia","item":"https:\/\/www.campusenergiainteligente.es\/investigacion-y-transferencia\/"},{"@type":"ListItem","position":3,"name":"Investigadores Visitantes"}]},{"@type":"WebSite","@id":"https:\/\/www.campusenergiainteligente.es\/en\/#website","url":"https:\/\/www.campusenergiainteligente.es\/en\/","name":"Proyecto CEI \u201cEnerg\u00eda Inteligente\u201d","description":"Bioenergy &amp; Smart Cities","potentialAction":[{"@type":"SearchAction","target":{"@type":"EntryPoint","urlTemplate":"https:\/\/www.campusenergiainteligente.es\/en\/?s={search_term_string}"},"query-input":{"@type":"PropertyValueSpecification","valueRequired":true,"valueName":"search_term_string"}}],"inLanguage":"en-US"}]}},"_links":{"self":[{"href":"https:\/\/www.campusenergiainteligente.es\/en\/wp-json\/wp\/v2\/pages\/2166","targetHints":{"allow":["GET"]}}],"collection":[{"href":"https:\/\/www.campusenergiainteligente.es\/en\/wp-json\/wp\/v2\/pages"}],"about":[{"href":"https:\/\/www.campusenergiainteligente.es\/en\/wp-json\/wp\/v2\/types\/page"}],"author":[{"embeddable":true,"href":"https:\/\/www.campusenergiainteligente.es\/en\/wp-json\/wp\/v2\/users\/1"}],"replies":[{"embeddable":true,"href":"https:\/\/www.campusenergiainteligente.es\/en\/wp-json\/wp\/v2\/comments?post=2166"}],"version-history":[{"count":8,"href":"https:\/\/www.campusenergiainteligente.es\/en\/wp-json\/wp\/v2\/pages\/2166\/revisions"}],"predecessor-version":[{"id":2405,"href":"https:\/\/www.campusenergiainteligente.es\/en\/wp-json\/wp\/v2\/pages\/2166\/revisions\/2405"}],"up":[{"embeddable":true,"href":"https:\/\/www.campusenergiainteligente.es\/en\/wp-json\/wp\/v2\/pages\/200"}],"wp:attachment":[{"href":"https:\/\/www.campusenergiainteligente.es\/en\/wp-json\/wp\/v2\/media?parent=2166"}],"curies":[{"name":"wp","href":"https:\/\/api.w.org\/{rel}","templated":true}]}}