{"id":196,"date":"2015-06-25T15:53:29","date_gmt":"2015-06-25T15:53:29","guid":{"rendered":"http:\/\/www.campusenergiainteligente.es\/?page_id=196"},"modified":"2021-06-08T09:34:13","modified_gmt":"2021-06-08T09:34:13","slug":"cursos-teledocencia","status":"publish","type":"page","link":"https:\/\/www.campusenergiainteligente.es\/en\/formacion\/cursos-teledocencia\/","title":{"rendered":"Distance Learning Courses"},"content":{"rendered":"<p><\/p>\n<p style=\"text-align: justify;\">The IEC \u201cSmart Energy\u201d has implemented the installation of technological media, resulting in the creation of a distance learning online platform, through two new fully fitted, distance learning rooms, one in the M\u00f3stoles Campus (of the URJC) and the other in the campus of the University of Alcal\u00e1. This technological infrastructure is considered essential to achieve maximum efficiency for the educational actions with the IEC framework, and will be used in all the present and future programmes, courses, and actions as required.<br \/>\nThe actions consist in the execution and implementation of an IEC &#8220;Smart Energy&#8221; distance learning room along with the IEC &#8220;Smart Energy&#8221; information technology room, located in the URJC M\u00f3stoles Campus, and the installation of an IEC &#8220;Smart Energy&#8221; distance learning room in the UAH \u201cEl Pr\u00edncipe\u201d building. The aforementioned rooms have compatible technologies with &#8220;streaming&#8221; systems enabling the recording and real time retransmission of the different presentations within the IEC area of focus, such as the teaching of the master and postgraduate programmes, own degrees, and holding seminars and workshops.<br \/>\nVideoconferencing was used to teach URJC-UAH International Doctorate School IEC cross-disciplinary training activities: Knowledge transfer and University \u2013 Company Innovation, in April and May 2014, to 60 students from the URJC and the UAH. <a href=\"https:\/\/www.campusenergiainteligente.es\/wp-content\/uploads\/2015\/06\/1.-Curso-Doctorado_Transferenciav1.pdf\">Distance Learning Courses 2015 <\/a><\/p>\n<p><strong>E Learning Course 2018:<\/strong><\/p>\n<p><a href=\"https:\/\/tv.urjc.es\/video\/5afe846ad68b14c86a8b4583\">Seminar about the transference of knowledge, May 2018<\/a><\/p>\n<p><a href=\"https:\/\/tv.urjc.es\/series\/580f3c35d68b1448428b456d\">SPOC I &#8220;Innovaciones basadas en resultados de la investigaci\u00f3n: nuevos retos\u201d<\/a><\/p>\n<p><a href=\"https:\/\/www.campusenergiainteligente.es\/wp-content\/uploads\/Spoc-II-Gesti\u00f3n-Energ\u00e9tica-en-Organizaciones.pdf\">SPOC II &#8220;Gesti\u00f3n Energ\u00e9tica en Organizaciones&#8221;<\/a><\/p>\n<p><a href=\"https:\/\/www.youtube.com\/watch?v=1x73E7M-4OQ\">MOOC: &#8220;Energ\u00eda inteligente para un futuro sostenible&#8221;<\/a><\/p>\n<p style=\"text-align: justify;\"><a href=\"https:\/\/www.campusenergiainteligente.es\/wp-content\/uploads\/TELEDOCENCIA-2016.pdf\">Courses for 2016<\/a><\/p>\n<p style=\"text-align: justify;\"><strong>\u00a0E- learning\u00b4s Courses : &#8220;Innovaciones\u00a0 basadas en resultados de la investigaci\u00f3n: nuevos retos&#8221;<\/strong><\/p>\n<p style=\"text-align: justify;\"><a href=\"https:\/\/www.campusenergiainteligente.es\/wp-content\/uploads\/PROGRAMA-SPOC.docx\">Programm<\/a><\/p>\n<p style=\"text-align: justify;\"><a href=\"https:\/\/www.campusenergiainteligente.es\/wp-content\/uploads\/Texto-del-Video-de-Presentaci\u00f3n-del-Curso.docx\">Previous Words <\/a><\/p>\n<p style=\"text-align: justify;\"><a href=\"https:\/\/www.campusenergiainteligente.es\/wp-content\/uploads\/Modulo-I-.-Alvaro-Bort.-comercializaci\u00f3n-de-la-tecnologia.-Fundamentos-y-Aplicaciones.docx\">Technologies Trade: applications and main topics<\/a><\/p>\n<p style=\"text-align: justify;\"><a href=\"https:\/\/www.campusenergiainteligente.es\/wp-content\/uploads\/M\u00f3dulo-I-.-Felix-Mar\u00edn.-Energ\u00edas-L\u00edmpias-.pdf\">Clean Energies <\/a><\/p>\n<p style=\"text-align: justify;\"><a href=\"https:\/\/www.campusenergiainteligente.es\/wp-content\/uploads\/Modulo-II-Rafael-Fando.-Tendencias-tecnol\u00f3gicas-TIC-para-infraestructuras.docx\">Technological trends in Tic\u00b4s for infraestructures <\/a><\/p>\n<p style=\"text-align: justify;\"><a href=\"https:\/\/www.campusenergiainteligente.es\/wp-content\/uploads\/Modulo-II-.-Bernardo-del-Amo-Tendencias-Tecno.-en-recursos-tecnolg\u00f3gicos-sostenibles.pdf\">Technologicial trends\u00a0 in Energetical and Sustanaible Resources\u00a0<\/a><\/p>\n<p style=\"text-align: justify;\"><a href=\"https:\/\/www.campusenergiainteligente.es\/wp-content\/uploads\/Texto-del-Video_Despedida.doc\">Final Words\u00a0 <\/a><\/p>\n<p style=\"text-align: justify;\">\n<p><\/p>","protected":false},"excerpt":{"rendered":"<p>The IEC \u201cSmart Energy\u201d has implemented the installation of technological media, resulting in the creation of a distance learning online platform, through two new fully fitted, distance learning rooms, one in the M\u00f3stoles Campus (of the URJC) and the other in the campus of the University of Alcal\u00e1. This technological infrastructure is considered essential to [&hellip;]<\/p>\n","protected":false},"author":1,"featured_media":0,"parent":55,"menu_order":3,"comment_status":"open","ping_status":"closed","template":"","meta":{"footnotes":""},"class_list":["post-196","page","type-page","status-publish","hentry"],"yoast_head":"<!-- This site is optimized with the Yoast SEO plugin v27.3 - https:\/\/yoast.com\/product\/yoast-seo-wordpress\/ -->\n<title>Distance Learning Courses - Proyecto CEI \u201cEnerg\u00eda Inteligente\u201d<\/title>\n<meta name=\"robots\" content=\"index, follow, max-snippet:-1, max-image-preview:large, max-video-preview:-1\" \/>\n<link rel=\"canonical\" href=\"https:\/\/www.campusenergiainteligente.es\/formacion\/cursos-teledocencia\/\" \/>\n<meta property=\"og:locale\" content=\"en_US\" \/>\n<meta property=\"og:type\" content=\"article\" \/>\n<meta property=\"og:title\" content=\"[:es]Cursos Teledocencia[:en]Distance Learning Courses[:] - Proyecto CEI \u201cEnerg\u00eda Inteligente\u201d\" \/>\n<meta property=\"og:description\" content=\"The IEC \u201cSmart Energy\u201d has implemented the installation of technological media, resulting in the creation of a distance learning online platform, through two new fully fitted, distance learning rooms, one in the M\u00f3stoles Campus (of the URJC) and the other in the campus of the University of Alcal\u00e1. This technological infrastructure is considered essential to [&hellip;]\" \/>\n<meta property=\"og:url\" content=\"https:\/\/www.campusenergiainteligente.es\/formacion\/cursos-teledocencia\/\" \/>\n<meta property=\"og:site_name\" content=\"Proyecto CEI \u201cEnerg\u00eda Inteligente\u201d\" \/>\n<meta property=\"article:modified_time\" content=\"2021-06-08T09:34:13+00:00\" \/>\n<meta name=\"twitter:card\" content=\"summary_large_image\" \/>\n<meta name=\"twitter:label1\" content=\"Est. reading time\" \/>\n\t<meta name=\"twitter:data1\" content=\"3 minutes\" \/>\n<script type=\"application\/ld+json\" class=\"yoast-schema-graph\">{\"@context\":\"https:\\\/\\\/schema.org\",\"@graph\":[{\"@type\":\"WebPage\",\"@id\":\"https:\\\/\\\/www.campusenergiainteligente.es\\\/formacion\\\/cursos-teledocencia\\\/\",\"url\":\"https:\\\/\\\/www.campusenergiainteligente.es\\\/formacion\\\/cursos-teledocencia\\\/\",\"name\":\"[:es]Cursos Teledocencia[:en]Distance Learning Courses[:] - Proyecto CEI \u201cEnerg\u00eda Inteligente\u201d\",\"isPartOf\":{\"@id\":\"https:\\\/\\\/www.campusenergiainteligente.es\\\/en\\\/#website\"},\"datePublished\":\"2015-06-25T15:53:29+00:00\",\"dateModified\":\"2021-06-08T09:34:13+00:00\",\"breadcrumb\":{\"@id\":\"https:\\\/\\\/www.campusenergiainteligente.es\\\/formacion\\\/cursos-teledocencia\\\/#breadcrumb\"},\"inLanguage\":\"en-US\",\"potentialAction\":[{\"@type\":\"ReadAction\",\"target\":[\"https:\\\/\\\/www.campusenergiainteligente.es\\\/formacion\\\/cursos-teledocencia\\\/\"]}]},{\"@type\":\"BreadcrumbList\",\"@id\":\"https:\\\/\\\/www.campusenergiainteligente.es\\\/formacion\\\/cursos-teledocencia\\\/#breadcrumb\",\"itemListElement\":[{\"@type\":\"ListItem\",\"position\":1,\"name\":\"Home\",\"item\":\"https:\\\/\\\/www.campusenergiainteligente.es\\\/en\\\/\"},{\"@type\":\"ListItem\",\"position\":2,\"name\":\"Formaci\u00f3n\",\"item\":\"https:\\\/\\\/www.campusenergiainteligente.es\\\/formacion\\\/\"},{\"@type\":\"ListItem\",\"position\":3,\"name\":\"Cursos Teledocencia\"}]},{\"@type\":\"WebSite\",\"@id\":\"https:\\\/\\\/www.campusenergiainteligente.es\\\/en\\\/#website\",\"url\":\"https:\\\/\\\/www.campusenergiainteligente.es\\\/en\\\/\",\"name\":\"Proyecto CEI \u201cEnerg\u00eda Inteligente\u201d\",\"description\":\"Bioenergy &amp; Smart Cities\",\"potentialAction\":[{\"@type\":\"SearchAction\",\"target\":{\"@type\":\"EntryPoint\",\"urlTemplate\":\"https:\\\/\\\/www.campusenergiainteligente.es\\\/en\\\/?s={search_term_string}\"},\"query-input\":{\"@type\":\"PropertyValueSpecification\",\"valueRequired\":true,\"valueName\":\"search_term_string\"}}],\"inLanguage\":\"en-US\"}]}<\/script>\n<!-- \/ Yoast SEO plugin. -->","yoast_head_json":{"title":"[:es]Cursos Teledocencia[:en]Distance Learning Courses[:] - Proyecto CEI \u201cEnerg\u00eda Inteligente\u201d","robots":{"index":"index","follow":"follow","max-snippet":"max-snippet:-1","max-image-preview":"max-image-preview:large","max-video-preview":"max-video-preview:-1"},"canonical":"https:\/\/www.campusenergiainteligente.es\/formacion\/cursos-teledocencia\/","og_locale":"en_US","og_type":"article","og_title":"[:es]Cursos Teledocencia[:en]Distance Learning Courses[:] - Proyecto CEI \u201cEnerg\u00eda Inteligente\u201d","og_description":"The IEC \u201cSmart Energy\u201d has implemented the installation of technological media, resulting in the creation of a distance learning online platform, through two new fully fitted, distance learning rooms, one in the M\u00f3stoles Campus (of the URJC) and the other in the campus of the University of Alcal\u00e1. This technological infrastructure is considered essential to [&hellip;]","og_url":"https:\/\/www.campusenergiainteligente.es\/formacion\/cursos-teledocencia\/","og_site_name":"Proyecto CEI \u201cEnerg\u00eda Inteligente\u201d","article_modified_time":"2021-06-08T09:34:13+00:00","twitter_card":"summary_large_image","twitter_misc":{"Est. reading time":"3 minutes"},"schema":{"@context":"https:\/\/schema.org","@graph":[{"@type":"WebPage","@id":"https:\/\/www.campusenergiainteligente.es\/formacion\/cursos-teledocencia\/","url":"https:\/\/www.campusenergiainteligente.es\/formacion\/cursos-teledocencia\/","name":"[:es]Cursos Teledocencia[:en]Distance Learning Courses[:] - Proyecto CEI \u201cEnerg\u00eda Inteligente\u201d","isPartOf":{"@id":"https:\/\/www.campusenergiainteligente.es\/en\/#website"},"datePublished":"2015-06-25T15:53:29+00:00","dateModified":"2021-06-08T09:34:13+00:00","breadcrumb":{"@id":"https:\/\/www.campusenergiainteligente.es\/formacion\/cursos-teledocencia\/#breadcrumb"},"inLanguage":"en-US","potentialAction":[{"@type":"ReadAction","target":["https:\/\/www.campusenergiainteligente.es\/formacion\/cursos-teledocencia\/"]}]},{"@type":"BreadcrumbList","@id":"https:\/\/www.campusenergiainteligente.es\/formacion\/cursos-teledocencia\/#breadcrumb","itemListElement":[{"@type":"ListItem","position":1,"name":"Home","item":"https:\/\/www.campusenergiainteligente.es\/en\/"},{"@type":"ListItem","position":2,"name":"Formaci\u00f3n","item":"https:\/\/www.campusenergiainteligente.es\/formacion\/"},{"@type":"ListItem","position":3,"name":"Cursos Teledocencia"}]},{"@type":"WebSite","@id":"https:\/\/www.campusenergiainteligente.es\/en\/#website","url":"https:\/\/www.campusenergiainteligente.es\/en\/","name":"Proyecto CEI \u201cEnerg\u00eda Inteligente\u201d","description":"Bioenergy &amp; Smart Cities","potentialAction":[{"@type":"SearchAction","target":{"@type":"EntryPoint","urlTemplate":"https:\/\/www.campusenergiainteligente.es\/en\/?s={search_term_string}"},"query-input":{"@type":"PropertyValueSpecification","valueRequired":true,"valueName":"search_term_string"}}],"inLanguage":"en-US"}]}},"_links":{"self":[{"href":"https:\/\/www.campusenergiainteligente.es\/en\/wp-json\/wp\/v2\/pages\/196","targetHints":{"allow":["GET"]}}],"collection":[{"href":"https:\/\/www.campusenergiainteligente.es\/en\/wp-json\/wp\/v2\/pages"}],"about":[{"href":"https:\/\/www.campusenergiainteligente.es\/en\/wp-json\/wp\/v2\/types\/page"}],"author":[{"embeddable":true,"href":"https:\/\/www.campusenergiainteligente.es\/en\/wp-json\/wp\/v2\/users\/1"}],"replies":[{"embeddable":true,"href":"https:\/\/www.campusenergiainteligente.es\/en\/wp-json\/wp\/v2\/comments?post=196"}],"version-history":[{"count":33,"href":"https:\/\/www.campusenergiainteligente.es\/en\/wp-json\/wp\/v2\/pages\/196\/revisions"}],"predecessor-version":[{"id":3410,"href":"https:\/\/www.campusenergiainteligente.es\/en\/wp-json\/wp\/v2\/pages\/196\/revisions\/3410"}],"up":[{"embeddable":true,"href":"https:\/\/www.campusenergiainteligente.es\/en\/wp-json\/wp\/v2\/pages\/55"}],"wp:attachment":[{"href":"https:\/\/www.campusenergiainteligente.es\/en\/wp-json\/wp\/v2\/media?parent=196"}],"curies":[{"name":"wp","href":"https:\/\/api.w.org\/{rel}","templated":true}]}}