{"id":186,"date":"2015-06-25T15:50:08","date_gmt":"2015-06-25T15:50:08","guid":{"rendered":"http:\/\/www.campusenergiainteligente.es\/?page_id=186"},"modified":"2022-09-30T09:56:57","modified_gmt":"2022-09-30T09:56:57","slug":"oficina-tecnica","status":"publish","type":"page","link":"https:\/\/www.campusenergiainteligente.es\/en\/presentacion\/oficina-tecnica\/","title":{"rendered":"Technical Office"},"content":{"rendered":"<p><\/p>\n<p style=\"text-align: justify;\">The Technical Office, under the Vice-rectorate of Innovation, Science Quality and Research Infrastructures from URJC and the Vice-rectorate for Research and Transfer UAH, is the administrative and technical management of the CEI body, dealing with the daily management of the project in its various activities, as well as the Programme for Strengthening Project, related to the first. From the Technical Office coordination is done with the managers of other institutions and coordination with companies and entities associated with CEI &#8220;Smart Energy&#8221;, maintaining constant contact with all of them. The Technical Office has its physical headquarters on the campus of Mostoles URJC in the building of the Rectory, particularly in the Promotion and Transfer Unit, <a href=\"http:\/\/www.urjc.es\/investigacion\/innovacion-y-transferencia-del-conocimiento\/378-innovacion-y-transferencia\">CINTTEC<\/a> being director D. Santiago Romo Urroz. To carry out the technical management of the CEI &#8220;Smart Energy&#8221; Doctor Agronomist is hired by the Polytechnic University of Madrid, Ms. Mar G\u00f3mez Zamora, with <a href=\"http:\/\/dialnet.unirioja.es\/servlet\/autor?codigo=1131021\" target=\"_blank\" rel=\"noopener\">lecturing experience<\/a>, <a href=\"https:\/\/es.linkedin.com\/pub\/maria-del-mar-g%C3%B3mez-zamora\/39\/821\/5b3\" target=\"_blank\" rel=\"noopener\">in engineering and management<\/a>., Do\u00f1a Susana Villar Fern\u00e1ndez (Technical Manager at the University of Alcal\u00e1) and\u00a0 Mr. Alfonso Hernandez Alexiades (Administrative Support CEI).<\/p>\n<p>&nbsp;<\/p>","protected":false},"excerpt":{"rendered":"<p>The Technical Office, under the Vice-rectorate of Innovation, Science Quality and Research Infrastructures from URJC and the Vice-rectorate for Research and Transfer UAH, is the administrative and technical management of the CEI body, dealing with the daily management of the project in its various activities, as well as the Programme for Strengthening Project, related to [&hellip;]<\/p>\n","protected":false},"author":1,"featured_media":0,"parent":26,"menu_order":3,"comment_status":"open","ping_status":"closed","template":"","meta":{"footnotes":""},"class_list":["post-186","page","type-page","status-publish","hentry"],"yoast_head":"<!-- This site is optimized with the Yoast SEO plugin v27.3 - https:\/\/yoast.com\/product\/yoast-seo-wordpress\/ -->\n<title>Technical Office - Proyecto CEI \u201cEnerg\u00eda Inteligente\u201d<\/title>\n<meta name=\"robots\" content=\"index, follow, max-snippet:-1, max-image-preview:large, max-video-preview:-1\" \/>\n<link rel=\"canonical\" href=\"https:\/\/www.campusenergiainteligente.es\/presentacion\/oficina-tecnica\/\" \/>\n<meta property=\"og:locale\" content=\"en_US\" \/>\n<meta property=\"og:type\" content=\"article\" \/>\n<meta property=\"og:title\" content=\"[:es]Oficina T\u00e9cnica[:en]Technical Office[:] - Proyecto CEI \u201cEnerg\u00eda Inteligente\u201d\" \/>\n<meta property=\"og:description\" content=\"The Technical Office, under the Vice-rectorate of Innovation, Science Quality and Research Infrastructures from URJC and the Vice-rectorate for Research and Transfer UAH, is the administrative and technical management of the CEI body, dealing with the daily management of the project in its various activities, as well as the Programme for Strengthening Project, related to [&hellip;]\" \/>\n<meta property=\"og:url\" content=\"https:\/\/www.campusenergiainteligente.es\/presentacion\/oficina-tecnica\/\" \/>\n<meta property=\"og:site_name\" content=\"Proyecto CEI \u201cEnerg\u00eda Inteligente\u201d\" \/>\n<meta property=\"article:modified_time\" content=\"2022-09-30T09:56:57+00:00\" \/>\n<meta name=\"twitter:card\" content=\"summary_large_image\" \/>\n<meta name=\"twitter:label1\" content=\"Est. reading time\" \/>\n\t<meta name=\"twitter:data1\" content=\"1 minute\" \/>\n<script type=\"application\/ld+json\" class=\"yoast-schema-graph\">{\"@context\":\"https:\\\/\\\/schema.org\",\"@graph\":[{\"@type\":\"WebPage\",\"@id\":\"https:\\\/\\\/www.campusenergiainteligente.es\\\/presentacion\\\/oficina-tecnica\\\/\",\"url\":\"https:\\\/\\\/www.campusenergiainteligente.es\\\/presentacion\\\/oficina-tecnica\\\/\",\"name\":\"[:es]Oficina T\u00e9cnica[:en]Technical Office[:] - Proyecto CEI \u201cEnerg\u00eda Inteligente\u201d\",\"isPartOf\":{\"@id\":\"https:\\\/\\\/www.campusenergiainteligente.es\\\/en\\\/#website\"},\"datePublished\":\"2015-06-25T15:50:08+00:00\",\"dateModified\":\"2022-09-30T09:56:57+00:00\",\"breadcrumb\":{\"@id\":\"https:\\\/\\\/www.campusenergiainteligente.es\\\/presentacion\\\/oficina-tecnica\\\/#breadcrumb\"},\"inLanguage\":\"en-US\",\"potentialAction\":[{\"@type\":\"ReadAction\",\"target\":[\"https:\\\/\\\/www.campusenergiainteligente.es\\\/presentacion\\\/oficina-tecnica\\\/\"]}]},{\"@type\":\"BreadcrumbList\",\"@id\":\"https:\\\/\\\/www.campusenergiainteligente.es\\\/presentacion\\\/oficina-tecnica\\\/#breadcrumb\",\"itemListElement\":[{\"@type\":\"ListItem\",\"position\":1,\"name\":\"Home\",\"item\":\"https:\\\/\\\/www.campusenergiainteligente.es\\\/en\\\/\"},{\"@type\":\"ListItem\",\"position\":2,\"name\":\"Presentaci\u00f3n\",\"item\":\"https:\\\/\\\/www.campusenergiainteligente.es\\\/presentacion\\\/\"},{\"@type\":\"ListItem\",\"position\":3,\"name\":\"Oficina T\u00e9cnica\"}]},{\"@type\":\"WebSite\",\"@id\":\"https:\\\/\\\/www.campusenergiainteligente.es\\\/en\\\/#website\",\"url\":\"https:\\\/\\\/www.campusenergiainteligente.es\\\/en\\\/\",\"name\":\"Proyecto CEI \u201cEnerg\u00eda Inteligente\u201d\",\"description\":\"Bioenergy &amp; Smart Cities\",\"potentialAction\":[{\"@type\":\"SearchAction\",\"target\":{\"@type\":\"EntryPoint\",\"urlTemplate\":\"https:\\\/\\\/www.campusenergiainteligente.es\\\/en\\\/?s={search_term_string}\"},\"query-input\":{\"@type\":\"PropertyValueSpecification\",\"valueRequired\":true,\"valueName\":\"search_term_string\"}}],\"inLanguage\":\"en-US\"}]}<\/script>\n<!-- \/ Yoast SEO plugin. -->","yoast_head_json":{"title":"[:es]Oficina T\u00e9cnica[:en]Technical Office[:] - Proyecto CEI \u201cEnerg\u00eda Inteligente\u201d","robots":{"index":"index","follow":"follow","max-snippet":"max-snippet:-1","max-image-preview":"max-image-preview:large","max-video-preview":"max-video-preview:-1"},"canonical":"https:\/\/www.campusenergiainteligente.es\/presentacion\/oficina-tecnica\/","og_locale":"en_US","og_type":"article","og_title":"[:es]Oficina T\u00e9cnica[:en]Technical Office[:] - Proyecto CEI \u201cEnerg\u00eda Inteligente\u201d","og_description":"The Technical Office, under the Vice-rectorate of Innovation, Science Quality and Research Infrastructures from URJC and the Vice-rectorate for Research and Transfer UAH, is the administrative and technical management of the CEI body, dealing with the daily management of the project in its various activities, as well as the Programme for Strengthening Project, related to [&hellip;]","og_url":"https:\/\/www.campusenergiainteligente.es\/presentacion\/oficina-tecnica\/","og_site_name":"Proyecto CEI \u201cEnerg\u00eda Inteligente\u201d","article_modified_time":"2022-09-30T09:56:57+00:00","twitter_card":"summary_large_image","twitter_misc":{"Est. reading time":"1 minute"},"schema":{"@context":"https:\/\/schema.org","@graph":[{"@type":"WebPage","@id":"https:\/\/www.campusenergiainteligente.es\/presentacion\/oficina-tecnica\/","url":"https:\/\/www.campusenergiainteligente.es\/presentacion\/oficina-tecnica\/","name":"[:es]Oficina T\u00e9cnica[:en]Technical Office[:] - Proyecto CEI \u201cEnerg\u00eda Inteligente\u201d","isPartOf":{"@id":"https:\/\/www.campusenergiainteligente.es\/en\/#website"},"datePublished":"2015-06-25T15:50:08+00:00","dateModified":"2022-09-30T09:56:57+00:00","breadcrumb":{"@id":"https:\/\/www.campusenergiainteligente.es\/presentacion\/oficina-tecnica\/#breadcrumb"},"inLanguage":"en-US","potentialAction":[{"@type":"ReadAction","target":["https:\/\/www.campusenergiainteligente.es\/presentacion\/oficina-tecnica\/"]}]},{"@type":"BreadcrumbList","@id":"https:\/\/www.campusenergiainteligente.es\/presentacion\/oficina-tecnica\/#breadcrumb","itemListElement":[{"@type":"ListItem","position":1,"name":"Home","item":"https:\/\/www.campusenergiainteligente.es\/en\/"},{"@type":"ListItem","position":2,"name":"Presentaci\u00f3n","item":"https:\/\/www.campusenergiainteligente.es\/presentacion\/"},{"@type":"ListItem","position":3,"name":"Oficina T\u00e9cnica"}]},{"@type":"WebSite","@id":"https:\/\/www.campusenergiainteligente.es\/en\/#website","url":"https:\/\/www.campusenergiainteligente.es\/en\/","name":"Proyecto CEI \u201cEnerg\u00eda Inteligente\u201d","description":"Bioenergy &amp; Smart Cities","potentialAction":[{"@type":"SearchAction","target":{"@type":"EntryPoint","urlTemplate":"https:\/\/www.campusenergiainteligente.es\/en\/?s={search_term_string}"},"query-input":{"@type":"PropertyValueSpecification","valueRequired":true,"valueName":"search_term_string"}}],"inLanguage":"en-US"}]}},"_links":{"self":[{"href":"https:\/\/www.campusenergiainteligente.es\/en\/wp-json\/wp\/v2\/pages\/186","targetHints":{"allow":["GET"]}}],"collection":[{"href":"https:\/\/www.campusenergiainteligente.es\/en\/wp-json\/wp\/v2\/pages"}],"about":[{"href":"https:\/\/www.campusenergiainteligente.es\/en\/wp-json\/wp\/v2\/types\/page"}],"author":[{"embeddable":true,"href":"https:\/\/www.campusenergiainteligente.es\/en\/wp-json\/wp\/v2\/users\/1"}],"replies":[{"embeddable":true,"href":"https:\/\/www.campusenergiainteligente.es\/en\/wp-json\/wp\/v2\/comments?post=186"}],"version-history":[{"count":31,"href":"https:\/\/www.campusenergiainteligente.es\/en\/wp-json\/wp\/v2\/pages\/186\/revisions"}],"predecessor-version":[{"id":3734,"href":"https:\/\/www.campusenergiainteligente.es\/en\/wp-json\/wp\/v2\/pages\/186\/revisions\/3734"}],"up":[{"embeddable":true,"href":"https:\/\/www.campusenergiainteligente.es\/en\/wp-json\/wp\/v2\/pages\/26"}],"wp:attachment":[{"href":"https:\/\/www.campusenergiainteligente.es\/en\/wp-json\/wp\/v2\/media?parent=186"}],"curies":[{"name":"wp","href":"https:\/\/api.w.org\/{rel}","templated":true}]}}