{"id":125,"date":"2015-06-22T15:31:02","date_gmt":"2015-06-22T15:31:02","guid":{"rendered":"http:\/\/www.campusenergiainteligente.es\/?page_id=125"},"modified":"2021-05-20T08:33:49","modified_gmt":"2021-05-20T08:33:49","slug":"socios","status":"publish","type":"page","link":"https:\/\/www.campusenergiainteligente.es\/en\/presentacion\/gobernanza\/socios\/","title":{"rendered":"Sponsoring Partners"},"content":{"rendered":"<p><\/p>\n<p style=\"text-align: justify;\"><strong>The \u201cSmart Energy\u201d International Excellence Campus<\/strong> arises out of a strong collaboration agreement between the different Sponsoring Partners or \u201ccore\u201d group. It is comprised of two public universities, King Juan Carlos University and the University of Alcal\u00e1, two multinational Spanish companies, REPSOL and FERROVIAL, two public research institutions, the Research Centre for Energy, Environment and Technology (CIEMAT) and the Madrid Institute of Advanced Energy Studies (IMDEA Energ\u00eda), and the Ministry of Industry, Tourism and Trade corporate entity, the Institute for Energy Diversification and Saving (IDAE).<\/p>\n<p style=\"text-align: justify;\"><img loading=\"lazy\" decoding=\"async\" class=\" wp-image-680 aligncenter\" src=\"https:\/\/www.campusenergiainteligente.es\/wp-content\/uploads\/2015\/06\/image005-300x202.png\" alt=\"image005\" width=\"339\" height=\"228\" srcset=\"https:\/\/www.campusenergiainteligente.es\/wp-content\/uploads\/2015\/06\/image005-300x202.png 300w, https:\/\/www.campusenergiainteligente.es\/wp-content\/uploads\/2015\/06\/image005-272x182.png 272w, https:\/\/www.campusenergiainteligente.es\/wp-content\/uploads\/2015\/06\/image005.png 554w\" sizes=\"auto, (max-width: 339px) 100vw, 339px\" \/><\/p>\n<h3>1. The IEC Coordinating University: King Juan Carlos University <a href=\"http:\/\/www.urjc.es\" target=\"_blank\" rel=\"noopener\">(URJC)<\/a><\/h3>\n<h3>The URJC Rector team:<\/h3>\n<p><strong>Universidad Rey Juan Carlos Rector<\/strong><br \/>\nFernando Su\u00e1rez Bilbao<\/p>\n<p><strong><img decoding=\"async\" class=\"alignright wp-image-711\" src=\"https:\/\/www.campusenergiainteligente.es\/wp-content\/uploads\/2015\/06\/equipo-uah.jpg\" alt=\"equipo uah\" width=\"50%\" srcset=\"https:\/\/www.campusenergiainteligente.es\/wp-content\/uploads\/2015\/06\/equipo-uah.jpg 707w, https:\/\/www.campusenergiainteligente.es\/wp-content\/uploads\/2015\/06\/equipo-uah-300x200.jpg 300w, https:\/\/www.campusenergiainteligente.es\/wp-content\/uploads\/2015\/06\/equipo-uah-272x182.jpg 272w\" sizes=\"(max-width: 707px) 100vw, 707px\" \/>Vice-Rectorate of Teaching, Academic Planning and Degrees<\/strong><br \/>\nM\u00aa Luz Mart\u00edn Pe\u00f1a<\/p>\n<p><strong>Vice-Rectorate of Faculty and Research<\/strong><br \/>\nLuis Miguel Doncel Pedrera<\/p>\n<p><strong>Vice-Rectorate of Own Degrees, Continuous Training, Postgraduate studies, and International Relationships<\/strong><br \/>\nJose Mar\u00eda Alvarez Monzoncillo<\/p>\n<p><strong>Vice-Rectorate of Innovation, Scientific Quality and Research Infrastructures<\/strong><br \/>\nJuan Antonio Melero Hern\u00e1ndez<\/p>\n<p><strong>Vice-Rectorate of Students<\/strong><br \/>\nJos\u00e9 Ram\u00f3n Monrobel Alc\u00e1ntara<\/p>\n<p><strong>Vice-Rectorate of Development Cooperation, Volunteering, and Institutional Relationships<\/strong><br \/>\n\u00c1ngel Gil de Miguel<\/p>\n<p><strong>Vice-Rectorate of University Extension<\/strong><br \/>\nJuan Jos\u00e9 N\u00e1jera S\u00e1nchez<\/p>\n<p><strong>General Secretary<\/strong><br \/>\nAndr\u00e9s Gambra Guti\u00e9rrez<\/p>\n<p><strong>General Manager<\/strong><br \/>\nM\u00aa Teresa S\u00e1nchez Magdaleno<\/p>\n<h3>2.The IEC Partner University: University of Alcal\u00e1 <a href=\"http:\/\/www.uah.es\" target=\"_blank\" rel=\"noopener\">(UAH)<\/a><\/h3>\n<h3>The UAH Rector Team<\/h3>\n<p><strong><img decoding=\"async\" class=\"alignright wp-image-645\" src=\"https:\/\/www.campusenergiainteligente.es\/wp-content\/uploads\/2015\/06\/Nuevo-Equipo-de-Gobierno.-julio-2015.jpg\" alt=\"Nuevo Equipo de Gobierno. julio 2015\" width=\"50%\" srcset=\"https:\/\/www.campusenergiainteligente.es\/wp-content\/uploads\/2015\/06\/Nuevo-Equipo-de-Gobierno.-julio-2015.jpg 527w, https:\/\/www.campusenergiainteligente.es\/wp-content\/uploads\/2015\/06\/Nuevo-Equipo-de-Gobierno.-julio-2015-300x200.jpg 300w, https:\/\/www.campusenergiainteligente.es\/wp-content\/uploads\/2015\/06\/Nuevo-Equipo-de-Gobierno.-julio-2015-272x182.jpg 272w\" sizes=\"(max-width: 527px) 100vw, 527px\" \/>Universidad de Alcal\u00e1 Rector<\/strong><br \/>\nFernando Galv\u00e1n<\/p>\n<p><strong>Vice-Rectorate of Research and Transfer<\/strong><br \/>\nMar\u00eda Luisa Marina Alegre<\/p>\n<p><strong>Vice-Rectorate of Teaching and Research Staff<\/strong><br \/>\nJulia Buj\u00e1n Varela<\/p>\n<p><strong>Vice-Rectorate of Postgraduate studies and Permanent Education<\/strong><br \/>\nJuan Ram\u00f3n Velasco P\u00e9rez<\/p>\n<p><strong>Vice-Rectorate of International Relations<\/strong><br \/>\nMiguel \u00c1ngel Sotelo V\u00e1zquez<\/p>\n<p><strong>Vice-Rectorate of Teaching and Students<\/strong><br \/>\nJos\u00e9 Vicente Saz P\u00e9rez<\/p>\n<p><strong>Vice-Rectorate of University Extension and Institutional Relationships<\/strong><br \/>\nJos\u00e9 Ra\u00fal Fern\u00e1ndez del Castillo D\u00edez<\/p>\n<p><strong>Vice-Rectorate of Coordination and Communication<\/strong><br \/>\nJos\u00e9 Santiago Fern\u00e1ndez V\u00e1zquez<\/p>\n<p><strong>Vice-Rectorate of the Guadalajara Campus<\/strong><br \/>\nCarmelo Garc\u00eda P\u00e9rez<\/p>\n<p><strong>General Secretary<\/strong><br \/>\nM\u00aa Carmen Figueroa Navarro<\/p>\n<p><strong>Management<\/strong><br \/>\nRub\u00e9n Garrido Yserte<\/p>\n<h3>3. IEC multinational partner company <a href=\"http:\/\/www.repsol.com\/es_es\/\" target=\"_blank\" rel=\"noopener\">REPSOL<\/a><\/h3>\n<h3>4. IEC multinational partner company: <a href=\"http:\/\/www.ferrovial.com\/es\/lineas-de-negocio\/ferrovial-servicios\/\" target=\"_blank\" rel=\"noopener\">FERROVIAL<\/a><\/h3>\n<h3>5. IEC public research partner entity: <a href=\"http:\/\/www.ciemat.es\/\" target=\"_blank\" rel=\"noopener\">CIEMAT<\/a><\/h3>\n<h3>6. IEC Madrid Research Institute partner <a href=\"http:\/\/www.energia.imdea.org\/\" target=\"_blank\" rel=\"noopener\">IMDEA Energ\u00eda<\/a><\/h3>\n<h3>7. IEC Public Corporate Entity partner: <a href=\"http:\/\/www.idae.es\/\" target=\"_blank\" rel=\"noopener\">IDAE<\/a><\/h3>\n<p><\/p>","protected":false},"excerpt":{"rendered":"<p>The \u201cSmart Energy\u201d International Excellence Campus arises out of a strong collaboration agreement between the different Sponsoring Partners or \u201ccore\u201d group. It is comprised of two public universities, King Juan Carlos University and the University of Alcal\u00e1, two multinational Spanish companies, REPSOL and FERROVIAL, two public research institutions, the Research Centre for Energy, Environment and [&hellip;]<\/p>\n","protected":false},"author":1,"featured_media":0,"parent":43,"menu_order":0,"comment_status":"open","ping_status":"closed","template":"","meta":{"footnotes":""},"class_list":["post-125","page","type-page","status-publish","hentry"],"yoast_head":"<!-- This site is optimized with the Yoast SEO plugin v27.4 - https:\/\/yoast.com\/product\/yoast-seo-wordpress\/ -->\n<title>Sponsoring Partners - Proyecto CEI \u201cEnerg\u00eda Inteligente\u201d<\/title>\n<meta name=\"robots\" content=\"index, follow, max-snippet:-1, max-image-preview:large, max-video-preview:-1\" \/>\n<link rel=\"canonical\" href=\"https:\/\/www.campusenergiainteligente.es\/presentacion\/gobernanza\/socios\/\" \/>\n<meta property=\"og:locale\" content=\"en_US\" \/>\n<meta property=\"og:type\" content=\"article\" \/>\n<meta property=\"og:title\" content=\"[:es]Socios Promotores[:en]Sponsoring Partners[:] - Proyecto CEI \u201cEnerg\u00eda Inteligente\u201d\" \/>\n<meta property=\"og:description\" content=\"The \u201cSmart Energy\u201d International Excellence Campus arises out of a strong collaboration agreement between the different Sponsoring Partners or \u201ccore\u201d group. It is comprised of two public universities, King Juan Carlos University and the University of Alcal\u00e1, two multinational Spanish companies, REPSOL and FERROVIAL, two public research institutions, the Research Centre for Energy, Environment and [&hellip;]\" \/>\n<meta property=\"og:url\" content=\"https:\/\/www.campusenergiainteligente.es\/presentacion\/gobernanza\/socios\/\" \/>\n<meta property=\"og:site_name\" content=\"Proyecto CEI \u201cEnerg\u00eda Inteligente\u201d\" \/>\n<meta property=\"article:modified_time\" content=\"2021-05-20T08:33:49+00:00\" \/>\n<meta property=\"og:image\" content=\"https:\/\/www.campusenergiainteligente.es\/wp-content\/uploads\/2015\/06\/image005.png\" \/>\n\t<meta property=\"og:image:width\" content=\"554\" \/>\n\t<meta property=\"og:image:height\" content=\"373\" \/>\n\t<meta property=\"og:image:type\" content=\"image\/png\" \/>\n<meta name=\"twitter:card\" content=\"summary_large_image\" \/>\n<meta name=\"twitter:label1\" content=\"Est. reading time\" \/>\n\t<meta name=\"twitter:data1\" content=\"2 minutes\" \/>\n<script type=\"application\/ld+json\" class=\"yoast-schema-graph\">{\"@context\":\"https:\\\/\\\/schema.org\",\"@graph\":[{\"@type\":\"WebPage\",\"@id\":\"https:\\\/\\\/www.campusenergiainteligente.es\\\/presentacion\\\/gobernanza\\\/socios\\\/\",\"url\":\"https:\\\/\\\/www.campusenergiainteligente.es\\\/presentacion\\\/gobernanza\\\/socios\\\/\",\"name\":\"[:es]Socios Promotores[:en]Sponsoring Partners[:] - Proyecto CEI \u201cEnerg\u00eda Inteligente\u201d\",\"isPartOf\":{\"@id\":\"https:\\\/\\\/www.campusenergiainteligente.es\\\/en\\\/#website\"},\"primaryImageOfPage\":{\"@id\":\"https:\\\/\\\/www.campusenergiainteligente.es\\\/presentacion\\\/gobernanza\\\/socios\\\/#primaryimage\"},\"image\":{\"@id\":\"https:\\\/\\\/www.campusenergiainteligente.es\\\/presentacion\\\/gobernanza\\\/socios\\\/#primaryimage\"},\"thumbnailUrl\":\"https:\\\/\\\/www.campusenergiainteligente.es\\\/wp-content\\\/uploads\\\/2015\\\/06\\\/image005-300x202.png\",\"datePublished\":\"2015-06-22T15:31:02+00:00\",\"dateModified\":\"2021-05-20T08:33:49+00:00\",\"breadcrumb\":{\"@id\":\"https:\\\/\\\/www.campusenergiainteligente.es\\\/presentacion\\\/gobernanza\\\/socios\\\/#breadcrumb\"},\"inLanguage\":\"en-US\",\"potentialAction\":[{\"@type\":\"ReadAction\",\"target\":[\"https:\\\/\\\/www.campusenergiainteligente.es\\\/presentacion\\\/gobernanza\\\/socios\\\/\"]}]},{\"@type\":\"ImageObject\",\"inLanguage\":\"en-US\",\"@id\":\"https:\\\/\\\/www.campusenergiainteligente.es\\\/presentacion\\\/gobernanza\\\/socios\\\/#primaryimage\",\"url\":\"https:\\\/\\\/www.campusenergiainteligente.es\\\/wp-content\\\/uploads\\\/2015\\\/06\\\/image005-300x202.png\",\"contentUrl\":\"https:\\\/\\\/www.campusenergiainteligente.es\\\/wp-content\\\/uploads\\\/2015\\\/06\\\/image005-300x202.png\"},{\"@type\":\"BreadcrumbList\",\"@id\":\"https:\\\/\\\/www.campusenergiainteligente.es\\\/presentacion\\\/gobernanza\\\/socios\\\/#breadcrumb\",\"itemListElement\":[{\"@type\":\"ListItem\",\"position\":1,\"name\":\"Home\",\"item\":\"https:\\\/\\\/www.campusenergiainteligente.es\\\/en\\\/\"},{\"@type\":\"ListItem\",\"position\":2,\"name\":\"Presentaci\u00f3n\",\"item\":\"https:\\\/\\\/www.campusenergiainteligente.es\\\/presentacion\\\/\"},{\"@type\":\"ListItem\",\"position\":3,\"name\":\"Gobernanza\",\"item\":\"https:\\\/\\\/www.campusenergiainteligente.es\\\/presentacion\\\/gobernanza\\\/\"},{\"@type\":\"ListItem\",\"position\":4,\"name\":\"Socios Promotores\"}]},{\"@type\":\"WebSite\",\"@id\":\"https:\\\/\\\/www.campusenergiainteligente.es\\\/en\\\/#website\",\"url\":\"https:\\\/\\\/www.campusenergiainteligente.es\\\/en\\\/\",\"name\":\"Proyecto CEI \u201cEnerg\u00eda Inteligente\u201d\",\"description\":\"Bioenergy &amp; Smart Cities\",\"potentialAction\":[{\"@type\":\"SearchAction\",\"target\":{\"@type\":\"EntryPoint\",\"urlTemplate\":\"https:\\\/\\\/www.campusenergiainteligente.es\\\/en\\\/?s={search_term_string}\"},\"query-input\":{\"@type\":\"PropertyValueSpecification\",\"valueRequired\":true,\"valueName\":\"search_term_string\"}}],\"inLanguage\":\"en-US\"}]}<\/script>\n<!-- \/ Yoast SEO plugin. -->","yoast_head_json":{"title":"[:es]Socios Promotores[:en]Sponsoring Partners[:] - Proyecto CEI \u201cEnerg\u00eda Inteligente\u201d","robots":{"index":"index","follow":"follow","max-snippet":"max-snippet:-1","max-image-preview":"max-image-preview:large","max-video-preview":"max-video-preview:-1"},"canonical":"https:\/\/www.campusenergiainteligente.es\/presentacion\/gobernanza\/socios\/","og_locale":"en_US","og_type":"article","og_title":"[:es]Socios Promotores[:en]Sponsoring Partners[:] - Proyecto CEI \u201cEnerg\u00eda Inteligente\u201d","og_description":"The \u201cSmart Energy\u201d International Excellence Campus arises out of a strong collaboration agreement between the different Sponsoring Partners or \u201ccore\u201d group. It is comprised of two public universities, King Juan Carlos University and the University of Alcal\u00e1, two multinational Spanish companies, REPSOL and FERROVIAL, two public research institutions, the Research Centre for Energy, Environment and [&hellip;]","og_url":"https:\/\/www.campusenergiainteligente.es\/presentacion\/gobernanza\/socios\/","og_site_name":"Proyecto CEI \u201cEnerg\u00eda Inteligente\u201d","article_modified_time":"2021-05-20T08:33:49+00:00","og_image":[{"width":554,"height":373,"url":"https:\/\/www.campusenergiainteligente.es\/wp-content\/uploads\/2015\/06\/image005.png","type":"image\/png"}],"twitter_card":"summary_large_image","twitter_misc":{"Est. reading time":"2 minutes"},"schema":{"@context":"https:\/\/schema.org","@graph":[{"@type":"WebPage","@id":"https:\/\/www.campusenergiainteligente.es\/presentacion\/gobernanza\/socios\/","url":"https:\/\/www.campusenergiainteligente.es\/presentacion\/gobernanza\/socios\/","name":"[:es]Socios Promotores[:en]Sponsoring Partners[:] - Proyecto CEI \u201cEnerg\u00eda Inteligente\u201d","isPartOf":{"@id":"https:\/\/www.campusenergiainteligente.es\/en\/#website"},"primaryImageOfPage":{"@id":"https:\/\/www.campusenergiainteligente.es\/presentacion\/gobernanza\/socios\/#primaryimage"},"image":{"@id":"https:\/\/www.campusenergiainteligente.es\/presentacion\/gobernanza\/socios\/#primaryimage"},"thumbnailUrl":"https:\/\/www.campusenergiainteligente.es\/wp-content\/uploads\/2015\/06\/image005-300x202.png","datePublished":"2015-06-22T15:31:02+00:00","dateModified":"2021-05-20T08:33:49+00:00","breadcrumb":{"@id":"https:\/\/www.campusenergiainteligente.es\/presentacion\/gobernanza\/socios\/#breadcrumb"},"inLanguage":"en-US","potentialAction":[{"@type":"ReadAction","target":["https:\/\/www.campusenergiainteligente.es\/presentacion\/gobernanza\/socios\/"]}]},{"@type":"ImageObject","inLanguage":"en-US","@id":"https:\/\/www.campusenergiainteligente.es\/presentacion\/gobernanza\/socios\/#primaryimage","url":"https:\/\/www.campusenergiainteligente.es\/wp-content\/uploads\/2015\/06\/image005-300x202.png","contentUrl":"https:\/\/www.campusenergiainteligente.es\/wp-content\/uploads\/2015\/06\/image005-300x202.png"},{"@type":"BreadcrumbList","@id":"https:\/\/www.campusenergiainteligente.es\/presentacion\/gobernanza\/socios\/#breadcrumb","itemListElement":[{"@type":"ListItem","position":1,"name":"Home","item":"https:\/\/www.campusenergiainteligente.es\/en\/"},{"@type":"ListItem","position":2,"name":"Presentaci\u00f3n","item":"https:\/\/www.campusenergiainteligente.es\/presentacion\/"},{"@type":"ListItem","position":3,"name":"Gobernanza","item":"https:\/\/www.campusenergiainteligente.es\/presentacion\/gobernanza\/"},{"@type":"ListItem","position":4,"name":"Socios Promotores"}]},{"@type":"WebSite","@id":"https:\/\/www.campusenergiainteligente.es\/en\/#website","url":"https:\/\/www.campusenergiainteligente.es\/en\/","name":"Proyecto CEI \u201cEnerg\u00eda Inteligente\u201d","description":"Bioenergy &amp; Smart Cities","potentialAction":[{"@type":"SearchAction","target":{"@type":"EntryPoint","urlTemplate":"https:\/\/www.campusenergiainteligente.es\/en\/?s={search_term_string}"},"query-input":{"@type":"PropertyValueSpecification","valueRequired":true,"valueName":"search_term_string"}}],"inLanguage":"en-US"}]}},"_links":{"self":[{"href":"https:\/\/www.campusenergiainteligente.es\/en\/wp-json\/wp\/v2\/pages\/125","targetHints":{"allow":["GET"]}}],"collection":[{"href":"https:\/\/www.campusenergiainteligente.es\/en\/wp-json\/wp\/v2\/pages"}],"about":[{"href":"https:\/\/www.campusenergiainteligente.es\/en\/wp-json\/wp\/v2\/types\/page"}],"author":[{"embeddable":true,"href":"https:\/\/www.campusenergiainteligente.es\/en\/wp-json\/wp\/v2\/users\/1"}],"replies":[{"embeddable":true,"href":"https:\/\/www.campusenergiainteligente.es\/en\/wp-json\/wp\/v2\/comments?post=125"}],"version-history":[{"count":41,"href":"https:\/\/www.campusenergiainteligente.es\/en\/wp-json\/wp\/v2\/pages\/125\/revisions"}],"predecessor-version":[{"id":3378,"href":"https:\/\/www.campusenergiainteligente.es\/en\/wp-json\/wp\/v2\/pages\/125\/revisions\/3378"}],"up":[{"embeddable":true,"href":"https:\/\/www.campusenergiainteligente.es\/en\/wp-json\/wp\/v2\/pages\/43"}],"wp:attachment":[{"href":"https:\/\/www.campusenergiainteligente.es\/en\/wp-json\/wp\/v2\/media?parent=125"}],"curies":[{"name":"wp","href":"https:\/\/api.w.org\/{rel}","templated":true}]}}